{"id":9313,"date":"2025-12-10T14:33:17","date_gmt":"2025-12-10T14:33:17","guid":{"rendered":"https:\/\/ceylanport.com\/?page_id=9313"},"modified":"2025-12-10T15:16:07","modified_gmt":"2025-12-10T15:16:07","slug":"sitemap","status":"publish","type":"page","link":"https:\/\/ceylanport.com\/tr\/sitemap\/","title":{"rendered":"Site haritas\u0131"},"content":{"rendered":"<div data-elementor-type=\"wp-page\" data-elementor-id=\"9313\" class=\"elementor elementor-9313\" data-elementor-post-type=\"page\">\n\t\t\t\t<div class=\"elementor-element elementor-element-dc017ff e-flex e-con-boxed e-con e-parent\" data-id=\"dc017ff\" data-element_type=\"container\" data-e-type=\"container\">\n\t\t\t\t\t<div class=\"e-con-inner\">\n\t\t\t\t<div class=\"elementor-element elementor-element-b94f5e9 elementor-widget elementor-widget-sitemap\" data-id=\"b94f5e9\" data-element_type=\"widget\" data-e-type=\"widget\" data-widget_type=\"sitemap.default\">\n\t\t\t\t\t<div class=\"elementor-sitemap-wrap\"><div class=\"elementor-sitemap-section\"><h1 class=\"elementor-sitemap-title elementor-sitemap-page-title\">Pages<\/h1><ul class=\"elementor-sitemap-list elementor-sitemap-page-list\"><li class=\"elementor-sitemap-item elementor-sitemap-item-page page_item page-item-10\"><a href=\"https:\/\/ceylanport.com\/tr\/about-us\/\">Hakk\u0131m\u0131zda<\/a><\/li><li class=\"elementor-sitemap-item elementor-sitemap-item-page page_item page-item-8715\"><a href=\"https:\/\/ceylanport.com\/tr\/blogs\/\">Blog<\/a><\/li><li class=\"elementor-sitemap-item elementor-sitemap-item-page page_item page-item-13\"><a href=\"https:\/\/ceylanport.com\/tr\/contact-ceylan\/\">Bize Ula\u015f\u0131n<\/a><\/li><li class=\"elementor-sitemap-item elementor-sitemap-item-page page_item page-item-8341\"><a href=\"https:\/\/ceylanport.com\/tr\/faq\/\">FAQ<\/a><\/li><li class=\"elementor-sitemap-item elementor-sitemap-item-page page_item page-item-12\"><a href=\"https:\/\/ceylanport.com\/tr\/processes\/\">G\u00fcbre \u00dcretim S\u00fcre\u00e7leri<\/a><ul class='children'><li class=\"elementor-sitemap-item elementor-sitemap-item-page page_item page-item-1967\"><a href=\"https:\/\/ceylanport.com\/tr\/processes\/bulk-blending-facilities\/\">Toplu Kar\u0131\u015ft\u0131rma Tesisleri<\/a><\/li><li class=\"elementor-sitemap-item elementor-sitemap-item-page page_item page-item-1674\"><a href=\"https:\/\/ceylanport.com\/tr\/processes\/diammonium-phosphate-process-map-dap\/\">Diamonyum Fosfat S\u00fcreci \u2013 MAP DAP \u00dcretim Tesisleri<\/a><\/li><li class=\"elementor-sitemap-item elementor-sitemap-item-page page_item page-item-1869\"><a href=\"https:\/\/ceylanport.com\/tr\/processes\/npk-production-lines\/\">NPK \u00dcretim Hatlar\u0131<\/a><\/li><\/ul><\/li><li class=\"elementor-sitemap-item elementor-sitemap-item-page page_item page-item-2071\"><a href=\"https:\/\/ceylanport.com\/tr\/granulation-equipment\/\">Gran\u00fclasyon Ekipman\u0131<\/a><ul class='children'><li class=\"elementor-sitemap-item elementor-sitemap-item-page page_item page-item-2314\"><a href=\"https:\/\/ceylanport.com\/tr\/granulation-equipment\/fertilizer-dosing-system\/\">Dozaj Sistemi<\/a><\/li><li class=\"elementor-sitemap-item elementor-sitemap-item-page page_item page-item-9073\"><a href=\"https:\/\/ceylanport.com\/tr\/granulation-equipment\/elevator\/\">Asans\u00f6r<\/a><\/li><li class=\"elementor-sitemap-item elementor-sitemap-item-page page_item page-item-2485\"><a href=\"https:\/\/ceylanport.com\/tr\/granulation-equipment\/granulation-drum\/\">Gran\u00fclasyon Tamburu<\/a><\/li><li class=\"elementor-sitemap-item elementor-sitemap-item-page page_item page-item-3315\"><a href=\"https:\/\/ceylanport.com\/tr\/granulation-equipment\/hammer-mills\/\">Huzme De\u011firmenleri<\/a><\/li><li class=\"elementor-sitemap-item elementor-sitemap-item-page page_item page-item-4247\"><a href=\"https:\/\/ceylanport.com\/tr\/granulation-equipment\/inclined-sieve\/\">E\u011fimli Elekler<\/a><\/li><li class=\"elementor-sitemap-item elementor-sitemap-item-page page_item page-item-9183\"><a href=\"https:\/\/ceylanport.com\/tr\/granulation-equipment\/packing-machinery\/\">Paketleme Makineleri<\/a><\/li><li class=\"elementor-sitemap-item elementor-sitemap-item-page page_item page-item-3136\"><a href=\"https:\/\/ceylanport.com\/tr\/granulation-equipment\/rotary-drum-dryer\/\">D\u00f6ner Tambur Kurutucu<\/a><\/li><li class=\"elementor-sitemap-item elementor-sitemap-item-page page_item page-item-11\"><a href=\"https:\/\/ceylanport.com\/tr\/granulation-equipment\/telescopic-belt\/\">Teleskopik Kay\u0131\u015f<\/a><\/li><\/ul><\/li><li class=\"elementor-sitemap-item elementor-sitemap-item-page page_item page-item-40\"><a href=\"https:\/\/ceylanport.com\/tr\/\">Granulation Plants and Fertilizer Equipment<\/a><\/li><li class=\"elementor-sitemap-item elementor-sitemap-item-page page_item page-item-9313\"><a href=\"https:\/\/ceylanport.com\/tr\/sitemap\/\">Site haritas\u0131<\/a><\/li><\/ul><\/div><\/div>\t\t\t\t<\/div>\n\t\t\t\t\t<\/div>\n\t\t\t\t<\/div>\n\t\t<div class=\"elementor-element elementor-element-ef31e2b e-flex e-con-boxed e-con e-parent\" data-id=\"ef31e2b\" data-element_type=\"container\" data-e-type=\"container\">\n\t\t\t\t\t<div class=\"e-con-inner\">\n\t\t\t\t\t<\/div>\n\t\t\t\t<\/div>\n\t\t\t\t<\/div>","protected":false},"excerpt":{"rendered":"","protected":false},"author":1,"featured_media":0,"parent":0,"menu_order":0,"comment_status":"closed","ping_status":"closed","template":"","meta":{"footnotes":""},"class_list":["post-9313","page","type-page","status-publish","hentry"],"_links":{"self":[{"href":"https:\/\/ceylanport.com\/tr\/wp-json\/wp\/v2\/pages\/9313","targetHints":{"allow":["GET"]}}],"collection":[{"href":"https:\/\/ceylanport.com\/tr\/wp-json\/wp\/v2\/pages"}],"about":[{"href":"https:\/\/ceylanport.com\/tr\/wp-json\/wp\/v2\/types\/page"}],"author":[{"embeddable":true,"href":"https:\/\/ceylanport.com\/tr\/wp-json\/wp\/v2\/users\/1"}],"replies":[{"embeddable":true,"href":"https:\/\/ceylanport.com\/tr\/wp-json\/wp\/v2\/comments?post=9313"}],"version-history":[{"count":11,"href":"https:\/\/ceylanport.com\/tr\/wp-json\/wp\/v2\/pages\/9313\/revisions"}],"predecessor-version":[{"id":9324,"href":"https:\/\/ceylanport.com\/tr\/wp-json\/wp\/v2\/pages\/9313\/revisions\/9324"}],"wp:attachment":[{"href":"https:\/\/ceylanport.com\/tr\/wp-json\/wp\/v2\/media?parent=9313"}],"curies":[{"name":"wp","href":"https:\/\/api.w.org\/{rel}","templated":true}]}}