{"id":9183,"date":"2025-12-08T16:14:43","date_gmt":"2025-12-08T16:14:43","guid":{"rendered":"https:\/\/ceylanport.com\/?page_id=9183"},"modified":"2026-01-19T13:22:23","modified_gmt":"2026-01-19T13:22:23","slug":"packing-machinery","status":"publish","type":"page","link":"https:\/\/ceylanport.com\/tr\/granulation-equipment\/packing-machinery\/","title":{"rendered":"Paketleme Makineleri"},"content":{"rendered":"<div data-elementor-type=\"wp-page\" data-elementor-id=\"9183\" class=\"elementor elementor-9183\" data-elementor-post-type=\"page\">\n\t\t\t\t<div class=\"elementor-element elementor-element-ef02afe e-con-full e-flex e-con e-parent\" data-id=\"ef02afe\" data-element_type=\"container\" data-e-type=\"container\">\n\t\t\t\t<div class=\"elementor-element elementor-element-f6ea231 elementor-align-left elementor-widget elementor-widget-breadcrumbs\" data-id=\"f6ea231\" data-element_type=\"widget\" data-e-type=\"widget\" data-widget_type=\"breadcrumbs.default\">\n\t\t\t\t<div class=\"elementor-widget-container\">\n\t\t\t\t\t<nav aria-label=\"galeta un\" class=\"rank-math-breadcrumb\"><p><span class=\"last\">Ev<\/span><\/p><\/nav>\t\t\t\t<\/div>\n\t\t\t\t<\/div>\n\t\t\t\t<\/div>\n\t\t<div class=\"elementor-element elementor-element-e18d1fe e-con-full e-flex e-con e-parent\" data-id=\"e18d1fe\" data-element_type=\"container\" data-e-type=\"container\">\n\t\t<div class=\"elementor-element elementor-element-992f5e5 e-con-full e-flex e-con e-child\" data-id=\"992f5e5\" data-element_type=\"container\" data-e-type=\"container\">\n\t\t\t\t<div class=\"elementor-element elementor-element-d16bd4d elementor-widget elementor-widget-heading\" data-id=\"d16bd4d\" data-element_type=\"widget\" data-e-type=\"widget\" data-widget_type=\"heading.default\">\n\t\t\t\t\t<h1 class=\"elementor-heading-title elementor-size-default\">Hassas, Tozsuz, 7\/24 Paketleme \u0130\u00e7in Tasarlanm\u0131\u015f Paketleme Makinesi<\/h1>\t\t\t\t<\/div>\n\t\t\t\t<div class=\"elementor-element elementor-element-9eef076 elementor-widget elementor-widget-text-editor\" data-id=\"9eef076\" data-element_type=\"widget\" data-e-type=\"widget\" data-widget_type=\"text-editor.default\">\n\t\t\t\t\t\t\t\t\t<p>Bant beslemeli torbalama makinelerimiz, malzeme dolum a\u011fz\u0131na iletmek i\u00e7in konvey\u00f6rl\u00fc besleme kullanarak olduk\u00e7a g\u00fcvenilirdir.<\/p><p class=\"translation-block\">Tamam\u0131 paslanmaz \u00e7elikten \u00fcretilmi\u015ftir; b\u00f6ylece g\u00fcbre gibi a\u015f\u0131nd\u0131r\u0131c\u0131 malzemeleri, bile\u015fen a\u015f\u0131nmas\u0131 endi\u015fesi ta\u015f\u0131madan i\u015fleyebilirsiniz.<\/p><p>G\u00fcbre, mineral veya kimyasal \u00fcr\u00fcnleri y\u00fcksek do\u011frulukla torbalara sabitleyerek \u2013 hassas tart\u0131m, kontroll\u00fc \u00fcr\u00fcn besleme ve g\u00fcvenilir torba kapatma (diki\u015f veya \u0131s\u0131 ile kapatma) kullanarak temiz, tutarl\u0131, sevkiyata haz\u0131r paketler y\u00fcksek verimde sunar.<\/p><h2><strong>G\u00fcbre ambalaj\u0131nda neden daha iyi \u00e7al\u0131\u015f\u0131yor?<\/strong><\/h2><p class=\"translation-block\"><strong>Zorlu ko\u015fullar i\u00e7in sa\u011flam yap\u0131:<\/strong> G\u00fcbre tozuna, a\u015f\u0131nmaya ve kesintisiz \u00e7al\u0131\u015fmaya dayanacak \u015fekilde tasarlanm\u0131\u015ft\u0131r.<br><strong>Toz kontroll\u00fc dolum:<\/strong> Daha temiz \u00e7al\u0131\u015fma alanlar\u0131 i\u00e7in, geli\u015ftirilmi\u015f torba s\u0131k\u0131\u015ft\u0131rma\/a\u011f\u0131zl\u0131k tasar\u0131m\u0131 ve toz emme ba\u011flant\u0131s\u0131.<br><strong>Kararl\u0131 ve tutarl\u0131 tart\u0131m:<\/strong> \u00dcr\u00fcn ak\u0131\u015f\u0131ndaki dalgalanmalar\u0131n, titre\u015fimin ve tozun neden oldu\u011fu a\u011f\u0131rl\u0131k sapmalar\u0131n\u0131 en aza indirecek \u015fekilde \u00fcretilmi\u015ftir.<br><strong>A\u015f\u0131nmaya dayan\u0131kl\u0131 ve bak\u0131m\u0131 kolay:<\/strong> G\u00fcbrenin ekipman \u00fczerinde y\u0131prat\u0131c\u0131 etki g\u00f6sterdi\u011fi noktalarda, de\u011fi\u015ftirilebilir a\u015f\u0131nma par\u00e7alar\u0131 i\u00e7eren, servis dostu tasar\u0131m.<br><strong>Daha temiz ve g\u00fcvenli \u00e7al\u0131\u015fma:<\/strong> Daha az manuel i\u015flem, daha az \u00fcr\u00fcn d\u00f6k\u00fclmesi ve operat\u00f6rler i\u00e7in geli\u015ftirilmi\u015f ergonomi.<\/p>\t\t\t\t\t\t\t\t<\/div>\n\t\t\t\t<\/div>\n\t\t<div class=\"elementor-element elementor-element-f52d0b2 e-con-full e-flex e-con e-child\" data-id=\"f52d0b2\" data-element_type=\"container\" data-e-type=\"container\">\n\t\t\t\t<div class=\"elementor-element elementor-element-091e932 elementor-widget elementor-widget-image\" data-id=\"091e932\" data-element_type=\"widget\" data-e-type=\"widget\" data-widget_type=\"image.default\">\n\t\t\t\t\t\t\t\t\t\t\t\t\t\t\t<img fetchpriority=\"high\" decoding=\"async\" width=\"768\" height=\"614\" src=\"https:\/\/ceylanport.com\/wp-content\/uploads\/2025\/12\/packing-machine-details-768x614.webp\" class=\"attachment-medium_large size-medium_large wp-image-9509\" alt=\"\" srcset=\"https:\/\/ceylanport.com\/wp-content\/uploads\/2025\/12\/packing-machine-details-768x614.webp 768w, https:\/\/ceylanport.com\/wp-content\/uploads\/2025\/12\/packing-machine-details-300x240.webp 300w, https:\/\/ceylanport.com\/wp-content\/uploads\/2025\/12\/packing-machine-details.webp 989w\" sizes=\"(max-width: 768px) 100vw, 768px\" title=\"\">\t\t\t\t\t\t\t\t\t\t\t\t\t\t\t<\/div>\n\t\t\t\t<\/div>\n\t\t\t\t<\/div>\n\t\t<div class=\"elementor-element elementor-element-8550f74 e-con-full e-flex e-con e-parent\" data-id=\"8550f74\" data-element_type=\"container\" data-e-type=\"container\">\n\t\t\t\t<div class=\"elementor-element elementor-element-bbc3d2a elementor-widget-mobile__width-initial elementor-widget elementor-widget-heading\" data-id=\"bbc3d2a\" data-element_type=\"widget\" data-e-type=\"widget\" data-widget_type=\"heading.default\">\n\t\t\t\t\t<p class=\"elementor-heading-title elementor-size-default\">360\u00b0 \u00dcr\u00fcn G\u00f6r\u00fcnt\u00fcleme<\/p>\t\t\t\t<\/div>\n\t\t<div class=\"elementor-element elementor-element-a07a78d e-con-full e-flex e-con e-child\" data-id=\"a07a78d\" data-element_type=\"container\" data-e-type=\"container\">\n\t\t\t\t<div class=\"elementor-element elementor-element-447b835 elementor-widget elementor-widget-ucaddon_360_product_view\" data-id=\"447b835\" data-element_type=\"widget\" data-e-type=\"widget\" data-widget_type=\"ucaddon_360_product_view.default\">\n\t\t\t\t<div class=\"elementor-widget-container\">\n\t\t\t\t\t\n<!-- start 360\u00b0 Product Viewer -->\n<style>\/* widget: 360\u00b0 Product Viewer *\/\n\n#uc_360_product_view_elementor_447b835{\n  min-height:1px;\n}\n#uc_360_product_view_elementor_447b835 .cloudimage-360-icons-container{\n  gap:10px;\n  z-index:5;\n}\n\n.cloudimage-360-fullscreen-modal{\n  z-index: 999999;\n}\n.cloudimage-360-fullscreen-modal canvas{\n  background-color:;\n}\n\n\n\n<\/style>\n\n<div id=\"uc_360_product_view_elementor_447b835\">\n<div\n   id=\"uc_360_product_view_elementor_447b835_360\"\n   class=\"cloudimage-360 ax_360_product_view\"\n   data-folder=\"https:\/\/ceylanport.com\/wp-content\/uploads\/2025\/12\/\"\n   data-filename=\"Packing_Machine_{index}.webp\"\n   data-amount=\"36\"\n      data-autoplay=\"false\"\n   data-autoplay-reverse=\"false\"\n   data-speed=\"70\"\n   data-drag-speed=\"2\"\n   data-spin-reverse=\"false\"\n   data-stop-at-edges=\"false\"\n   data-bottom-circle=\"true\"\n   data-control-reverse=\"true\"\n   data-index-zero-base = \"0\"\n   data-magnifier=\"2\"   data-play-once = \"false\"\n     \n   \n   \n      data-lazyload=\"true\"   >\n   <\/div>\n<\/div>\n<!-- end 360\u00b0 Product Viewer -->\t\t\t\t<\/div>\n\t\t\t\t<\/div>\n\t\t\t\t<\/div>\n\t\t\t\t<\/div>\n\t\t<div class=\"elementor-element elementor-element-0141e84 e-con-full e-flex e-con e-parent\" data-id=\"0141e84\" data-element_type=\"container\" data-e-type=\"container\">\n\t\t<div class=\"elementor-element elementor-element-a801b80 e-con-full e-flex e-con e-child\" data-id=\"a801b80\" data-element_type=\"container\" data-e-type=\"container\">\n\t\t\t\t<div class=\"elementor-element elementor-element-af47ef1 elementor-widget elementor-widget-heading\" data-id=\"af47ef1\" data-element_type=\"widget\" data-e-type=\"widget\" data-widget_type=\"heading.default\">\n\t\t\t\t\t<h3 class=\"elementor-heading-title elementor-size-default\">Kapasite<\/h3>\t\t\t\t<\/div>\n\t\t\t\t<div class=\"elementor-element elementor-element-ac772d5 elementor-widget elementor-widget-heading\" data-id=\"ac772d5\" data-element_type=\"widget\" data-e-type=\"widget\" data-widget_type=\"heading.default\">\n\t\t\t\t\t<p class=\"elementor-heading-title elementor-size-default\">dakikada 10 torbaya kadar (saatte 600)<\/p>\t\t\t\t<\/div>\n\t\t\t\t<\/div>\n\t\t<div class=\"elementor-element elementor-element-0eb10a6 e-con-full e-flex e-con e-child\" data-id=\"0eb10a6\" data-element_type=\"container\" data-e-type=\"container\">\n\t\t\t\t<div class=\"elementor-element elementor-element-49aa95a elementor-widget elementor-widget-heading\" data-id=\"49aa95a\" data-element_type=\"widget\" data-e-type=\"widget\" data-widget_type=\"heading.default\">\n\t\t\t\t\t<h2 class=\"elementor-heading-title elementor-size-default\">\u00c7anta A\u011f\u0131rl\u0131\u011f\u0131:<\/h2>\t\t\t\t<\/div>\n\t\t\t\t<div class=\"elementor-element elementor-element-6c35525 elementor-widget elementor-widget-heading\" data-id=\"6c35525\" data-element_type=\"widget\" data-e-type=\"widget\" data-widget_type=\"heading.default\">\n\t\t\t\t\t<p class=\"elementor-heading-title elementor-size-default\">5 ila 50 kg (11 ila 110 lb)<\/p>\t\t\t\t<\/div>\n\t\t\t\t<\/div>\n\t\t<div class=\"elementor-element elementor-element-7ed56b9 e-con-full e-flex e-con e-child\" data-id=\"7ed56b9\" data-element_type=\"container\" data-e-type=\"container\">\n\t\t\t\t<div class=\"elementor-element elementor-element-05f5434 elementor-widget elementor-widget-heading\" data-id=\"05f5434\" data-element_type=\"widget\" data-e-type=\"widget\" data-widget_type=\"heading.default\">\n\t\t\t\t\t<h2 class=\"elementor-heading-title elementor-size-default\">\u00c7anta Malzemeleri<\/h2>\t\t\t\t<\/div>\n\t\t\t\t<div class=\"elementor-element elementor-element-915775d elementor-widget elementor-widget-heading\" data-id=\"915775d\" data-element_type=\"widget\" data-e-type=\"widget\" data-widget_type=\"heading.default\">\n\t\t\t\t\t<p class=\"elementor-heading-title elementor-size-default\">ka\u011f\u0131t, PE ve lamine dokuma PP<\/p>\t\t\t\t<\/div>\n\t\t\t\t<\/div>\n\t\t\t\t<\/div>\n\t\t<div class=\"elementor-element elementor-element-76e2594 e-con-full e-flex e-con e-parent\" data-id=\"76e2594\" data-element_type=\"container\" data-e-type=\"container\">\n\t\t\t\t<div class=\"elementor-element elementor-element-687d283 elementor-widget elementor-widget-heading\" data-id=\"687d283\" data-element_type=\"widget\" data-e-type=\"widget\" data-widget_type=\"heading.default\">\n\t\t\t\t\t<p class=\"elementor-heading-title elementor-size-default\"><a href=\"https:\/\/ceylanport.com\/tr\/granulation-equipment\/\">\u00dcr\u00fcnlere Geri D\u00f6n<\/a><\/p>\t\t\t\t<\/div>\n\t\t\t\t<\/div>\n\t\t\t\t<\/div>","protected":false},"excerpt":{"rendered":"<p>Home Packing Machine &#8211; Engineered for Accurate, Dust-Free, 24\/7 Bagging Our belt-fed bagging machines are highly reliable, using a conveyor infeed to deliver material to the filling spout. All stainless steel, so that you can handle abrasive materials such as fertilizer without worrying about component wear. Secures fertilizer, mineral or chemical products into bags with [&hellip;]<\/p>\n","protected":false},"author":1,"featured_media":0,"parent":2071,"menu_order":0,"comment_status":"closed","ping_status":"closed","template":"","meta":{"footnotes":""},"class_list":["post-9183","page","type-page","status-publish","hentry"],"_links":{"self":[{"href":"https:\/\/ceylanport.com\/tr\/wp-json\/wp\/v2\/pages\/9183","targetHints":{"allow":["GET"]}}],"collection":[{"href":"https:\/\/ceylanport.com\/tr\/wp-json\/wp\/v2\/pages"}],"about":[{"href":"https:\/\/ceylanport.com\/tr\/wp-json\/wp\/v2\/types\/page"}],"author":[{"embeddable":true,"href":"https:\/\/ceylanport.com\/tr\/wp-json\/wp\/v2\/users\/1"}],"replies":[{"embeddable":true,"href":"https:\/\/ceylanport.com\/tr\/wp-json\/wp\/v2\/comments?post=9183"}],"version-history":[{"count":223,"href":"https:\/\/ceylanport.com\/tr\/wp-json\/wp\/v2\/pages\/9183\/revisions"}],"predecessor-version":[{"id":10463,"href":"https:\/\/ceylanport.com\/tr\/wp-json\/wp\/v2\/pages\/9183\/revisions\/10463"}],"up":[{"embeddable":true,"href":"https:\/\/ceylanport.com\/tr\/wp-json\/wp\/v2\/pages\/2071"}],"wp:attachment":[{"href":"https:\/\/ceylanport.com\/tr\/wp-json\/wp\/v2\/media?parent=9183"}],"curies":[{"name":"wp","href":"https:\/\/api.w.org\/{rel}","templated":true}]}}