{"id":8715,"date":"2025-08-19T12:47:47","date_gmt":"2025-08-19T12:47:47","guid":{"rendered":"https:\/\/ceylanport.com\/?page_id=8715"},"modified":"2026-04-17T13:37:35","modified_gmt":"2026-04-17T13:37:35","slug":"blogs","status":"publish","type":"page","link":"https:\/\/ceylanport.com\/tr\/blogs\/","title":{"rendered":"Blog"},"content":{"rendered":"<div data-elementor-type=\"wp-page\" data-elementor-id=\"8715\" class=\"elementor elementor-8715\" data-elementor-post-type=\"page\">\n\t\t\t\t\t\t<section class=\"elementor-section elementor-top-section elementor-element elementor-element-39922ea1 elementor-section-height-min-height elementor-section-items-top elementor-section-boxed elementor-section-height-default\" data-id=\"39922ea1\" data-element_type=\"section\" data-e-type=\"section\" data-settings=\"{&quot;background_background&quot;:&quot;classic&quot;}\">\n\t\t\t\t\t\t<div class=\"elementor-container elementor-column-gap-default\">\n\t\t\t\t\t<div class=\"elementor-column elementor-col-100 elementor-top-column elementor-element elementor-element-2c9b3b30\" data-id=\"2c9b3b30\" data-element_type=\"column\" data-e-type=\"column\">\n\t\t\t<div class=\"elementor-widget-wrap elementor-element-populated\">\n\t\t\t\t\t\t<div class=\"elementor-element elementor-element-166da6d7 elementor-widget elementor-widget-breadcrumbs\" data-id=\"166da6d7\" data-element_type=\"widget\" data-e-type=\"widget\" data-widget_type=\"breadcrumbs.default\">\n\t\t\t\t<div class=\"elementor-widget-container\">\n\t\t\t\t\t<nav aria-label=\"galeta un\" class=\"rank-math-breadcrumb\"><p><span class=\"last\">Ev<\/span><\/p><\/nav>\t\t\t\t<\/div>\n\t\t\t\t<\/div>\n\t\t\t\t<div class=\"elementor-element elementor-element-6cfae37d elementor-widget elementor-widget-heading\" data-id=\"6cfae37d\" data-element_type=\"widget\" data-e-type=\"widget\" data-widget_type=\"heading.default\">\n\t\t\t\t\t<h1 class=\"elementor-heading-title elementor-size-default\">Blog<\/h1>\t\t\t\t<\/div>\n\t\t\t\t<div class=\"elementor-element elementor-element-198b00ca elementor-widget-divider--view-line elementor-widget elementor-widget-divider\" data-id=\"198b00ca\" data-element_type=\"widget\" data-e-type=\"widget\" data-widget_type=\"divider.default\">\n\t\t\t\t\t\t\t<div class=\"elementor-divider\">\n\t\t\t<span class=\"elementor-divider-separator\">\n\t\t\t\t\t\t<\/span>\n\t\t<\/div>\n\t\t\t\t\t\t<\/div>\n\t\t\t\t\t<\/div>\n\t\t<\/div>\n\t\t\t\t\t<\/div>\n\t\t<\/section>\n\t\t\t\t<section class=\"elementor-section elementor-top-section elementor-element elementor-element-2d8ecff0 elementor-section-boxed elementor-section-height-default elementor-section-height-default\" data-id=\"2d8ecff0\" data-element_type=\"section\" data-e-type=\"section\" data-settings=\"{&quot;background_background&quot;:&quot;classic&quot;}\">\n\t\t\t\t\t\t<div class=\"elementor-container elementor-column-gap-default\">\n\t\t\t\t\t<div class=\"elementor-column elementor-col-100 elementor-top-column elementor-element elementor-element-5d66a508\" data-id=\"5d66a508\" data-element_type=\"column\" data-e-type=\"column\">\n\t\t\t<div class=\"elementor-widget-wrap elementor-element-populated\">\n\t\t\t\t\t\t<div class=\"elementor-element elementor-element-436ec293 ceylan-blog-listing elementor-grid-3 elementor-grid-tablet-2 elementor-grid-mobile-1 elementor-posts--thumbnail-top elementor-widget elementor-widget-posts\" data-id=\"436ec293\" data-element_type=\"widget\" data-e-type=\"widget\" data-settings=\"{&quot;pagination_type&quot;:&quot;numbers_and_prev_next&quot;,&quot;classic_columns&quot;:&quot;3&quot;,&quot;classic_columns_tablet&quot;:&quot;2&quot;,&quot;classic_columns_mobile&quot;:&quot;1&quot;,&quot;classic_row_gap&quot;:{&quot;unit&quot;:&quot;px&quot;,&quot;size&quot;:35,&quot;sizes&quot;:[]},&quot;classic_row_gap_tablet&quot;:{&quot;unit&quot;:&quot;px&quot;,&quot;size&quot;:&quot;&quot;,&quot;sizes&quot;:[]},&quot;classic_row_gap_mobile&quot;:{&quot;unit&quot;:&quot;px&quot;,&quot;size&quot;:&quot;&quot;,&quot;sizes&quot;:[]}}\" data-widget_type=\"posts.classic\">\n\t\t\t\t<div class=\"elementor-widget-container\">\n\t\t\t\t\t\t\t<div class=\"elementor-posts-container elementor-posts elementor-posts--skin-classic elementor-grid\" role=\"list\">\n\t\t\t\t<article class=\"elementor-post elementor-grid-item post-9049 post type-post status-publish format-standard has-post-thumbnail hentry category-uncategorized\" role=\"listitem\">\n\t\t\t\t<a class=\"elementor-post__thumbnail__link\" href=\"https:\/\/ceylanport.com\/tr\/dry-granulation-vs-wet-granulation-key-differences-in-fertilizer-production\/\" tabindex=\"-1\" >\n\t\t\t<div class=\"elementor-post__thumbnail\"><img fetchpriority=\"high\" decoding=\"async\" width=\"625\" height=\"469\" src=\"https:\/\/ceylanport.com\/wp-content\/uploads\/2025\/09\/industrial-rotary-drum-transport-construction-site.jpeg\" class=\"attachment-medium_large size-medium_large wp-image-12099\" alt=\"Large industrial rotary drum being transported on a multi-axle trailer at a construction site\" title=\"\" srcset=\"https:\/\/ceylanport.com\/wp-content\/uploads\/2025\/09\/industrial-rotary-drum-transport-construction-site.jpeg 625w, https:\/\/ceylanport.com\/wp-content\/uploads\/2025\/09\/industrial-rotary-drum-transport-construction-site-300x225.jpeg 300w, https:\/\/ceylanport.com\/wp-content\/uploads\/2025\/09\/industrial-rotary-drum-transport-construction-site-16x12.jpeg 16w\" sizes=\"(max-width: 625px) 100vw, 625px\" \/><\/div>\n\t\t<\/a>\n\t\t\t\t<div class=\"elementor-post__text\">\n\t\t\t\t<h3 class=\"elementor-post__title\">\n\t\t\t<a href=\"https:\/\/ceylanport.com\/tr\/dry-granulation-vs-wet-granulation-key-differences-in-fertilizer-production\/\" >\n\t\t\t\tKuru Gran\u00fclasyon vs. Ya\u015f Gran\u00fclasyon: G\u00fcbre \u00dcretimindeki Temel Farkl\u0131l\u0131klar\t\t\t<\/a>\n\t\t<\/h3>\n\t\t\t\t<div class=\"elementor-post__meta-data\">\n\t\t\t\t\t<span class=\"elementor-post-date\">\n\t\t\t24 Mart 2026\t\t<\/span>\n\t\t\t\t<span class=\"elementor-post-avatar\">\n\t\t\tYorum yap\u0131lmam\u0131\u015f\t\t<\/span>\n\t\t\t\t<\/div>\n\t\t\n\t\t<a class=\"elementor-post__read-more\" href=\"https:\/\/ceylanport.com\/tr\/dry-granulation-vs-wet-granulation-key-differences-in-fertilizer-production\/\" aria-label=\"Read more about Dry Granulation vs. Wet Granulation: Key Differences in Fertilizer Production\" tabindex=\"-1\" >\n\t\t\tDaha Fazla Oku \t\t<\/a>\n\n\t\t\t\t<\/div>\n\t\t\t\t<\/article>\n\t\t\t\t<article class=\"elementor-post elementor-grid-item post-9054 post type-post status-publish format-standard has-post-thumbnail hentry category-uncategorized\" role=\"listitem\">\n\t\t\t\t<a class=\"elementor-post__thumbnail__link\" href=\"https:\/\/ceylanport.com\/tr\/pan-granulator-vs-drum-granulator-which-is-right-for-your-plant\/\" tabindex=\"-1\" >\n\t\t\t<div class=\"elementor-post__thumbnail\"><img decoding=\"async\" width=\"768\" height=\"512\" src=\"https:\/\/ceylanport.com\/wp-content\/uploads\/2025\/09\/industrial-mixer-vs-rotary-drum-mixer-768x512.jpg\" class=\"attachment-medium_large size-medium_large wp-image-12109\" alt=\"Industrial mixer compared with rotary drum mixer\" title=\"\" srcset=\"https:\/\/ceylanport.com\/wp-content\/uploads\/2025\/09\/industrial-mixer-vs-rotary-drum-mixer-768x512.jpg 768w, https:\/\/ceylanport.com\/wp-content\/uploads\/2025\/09\/industrial-mixer-vs-rotary-drum-mixer-300x200.jpg 300w, https:\/\/ceylanport.com\/wp-content\/uploads\/2025\/09\/industrial-mixer-vs-rotary-drum-mixer-18x12.jpg 18w, https:\/\/ceylanport.com\/wp-content\/uploads\/2025\/09\/industrial-mixer-vs-rotary-drum-mixer.jpg 800w\" sizes=\"(max-width: 768px) 100vw, 768px\" \/><\/div>\n\t\t<\/a>\n\t\t\t\t<div class=\"elementor-post__text\">\n\t\t\t\t<h3 class=\"elementor-post__title\">\n\t\t\t<a href=\"https:\/\/ceylanport.com\/tr\/pan-granulator-vs-drum-granulator-which-is-right-for-your-plant\/\" >\n\t\t\t\tDisk Gran\u00fclat\u00f6r vs. Tambur Gran\u00fclat\u00f6r: Tesisiniz \u0130\u00e7in Hangisi Do\u011fru?\t\t\t<\/a>\n\t\t<\/h3>\n\t\t\t\t<div class=\"elementor-post__meta-data\">\n\t\t\t\t\t<span class=\"elementor-post-date\">\n\t\t\t20 Mart 2026\t\t<\/span>\n\t\t\t\t<span class=\"elementor-post-avatar\">\n\t\t\tYorum yap\u0131lmam\u0131\u015f\t\t<\/span>\n\t\t\t\t<\/div>\n\t\t\n\t\t<a class=\"elementor-post__read-more\" href=\"https:\/\/ceylanport.com\/tr\/pan-granulator-vs-drum-granulator-which-is-right-for-your-plant\/\" aria-label=\"Read more about Pan Granulator vs. Drum Granulator: Which Is Right for Your Plant?\" tabindex=\"-1\" >\n\t\t\tDaha Fazla Oku \t\t<\/a>\n\n\t\t\t\t<\/div>\n\t\t\t\t<\/article>\n\t\t\t\t<article class=\"elementor-post elementor-grid-item post-11090 post type-post status-publish format-standard has-post-thumbnail hentry category-uncategorized\" role=\"listitem\">\n\t\t\t\t<a class=\"elementor-post__thumbnail__link\" href=\"https:\/\/ceylanport.com\/tr\/cocurrent-vs-countercurrent-in-rotary-dryers\/\" tabindex=\"-1\" >\n\t\t\t<div class=\"elementor-post__thumbnail\"><img decoding=\"async\" width=\"768\" height=\"576\" src=\"https:\/\/ceylanport.com\/wp-content\/uploads\/2026\/02\/workers-besides-a-large-industrial-tank-on-trailer-768x576.webp\" class=\"attachment-medium_large size-medium_large wp-image-12264\" alt=\"\" title=\"\" srcset=\"https:\/\/ceylanport.com\/wp-content\/uploads\/2026\/02\/workers-besides-a-large-industrial-tank-on-trailer-768x576.webp 768w, https:\/\/ceylanport.com\/wp-content\/uploads\/2026\/02\/workers-besides-a-large-industrial-tank-on-trailer-300x225.webp 300w, https:\/\/ceylanport.com\/wp-content\/uploads\/2026\/02\/workers-besides-a-large-industrial-tank-on-trailer-1024x768.webp 1024w, https:\/\/ceylanport.com\/wp-content\/uploads\/2026\/02\/workers-besides-a-large-industrial-tank-on-trailer-16x12.webp 16w, https:\/\/ceylanport.com\/wp-content\/uploads\/2026\/02\/workers-besides-a-large-industrial-tank-on-trailer.webp 1536w\" sizes=\"(max-width: 768px) 100vw, 768px\" \/><\/div>\n\t\t<\/a>\n\t\t\t\t<div class=\"elementor-post__text\">\n\t\t\t\t<h3 class=\"elementor-post__title\">\n\t\t\t<a href=\"https:\/\/ceylanport.com\/tr\/cocurrent-vs-countercurrent-in-rotary-dryers\/\" >\n\t\t\t\tD\u00f6ner Tamburlu Kurutucularda E\u015f Ak\u0131ml\u0131 ve Ters Ak\u0131ml\u0131: \u00dcr\u00fcn S\u0131cakl\u0131\u011f\u0131na G\u00f6re Nas\u0131l Se\u00e7im Yap\u0131l\u0131r\t\t\t<\/a>\n\t\t<\/h3>\n\t\t\t\t<div class=\"elementor-post__meta-data\">\n\t\t\t\t\t<span class=\"elementor-post-date\">\n\t\t\t2 \u015eubat 2026\t\t<\/span>\n\t\t\t\t<span class=\"elementor-post-avatar\">\n\t\t\tYorum yap\u0131lmam\u0131\u015f\t\t<\/span>\n\t\t\t\t<\/div>\n\t\t\n\t\t<a class=\"elementor-post__read-more\" href=\"https:\/\/ceylanport.com\/tr\/cocurrent-vs-countercurrent-in-rotary-dryers\/\" aria-label=\"Read more about Co\u2011Current vs Counter\u2011Current in Rotary Dryers: How to Choose Based on Product Temperature\" tabindex=\"-1\" >\n\t\t\tDaha Fazla Oku \t\t<\/a>\n\n\t\t\t\t<\/div>\n\t\t\t\t<\/article>\n\t\t\t\t<article class=\"elementor-post elementor-grid-item post-11027 post type-post status-publish format-standard has-post-thumbnail hentry category-uncategorized\" role=\"listitem\">\n\t\t\t\t<a class=\"elementor-post__thumbnail__link\" href=\"https:\/\/ceylanport.com\/tr\/how-a-rotary-drum-dryer-works\/\" tabindex=\"-1\" >\n\t\t\t<div class=\"elementor-post__thumbnail\"><img loading=\"lazy\" decoding=\"async\" width=\"768\" height=\"383\" src=\"https:\/\/ceylanport.com\/wp-content\/uploads\/2026\/02\/rotary-dryer-768x383.webp\" class=\"attachment-medium_large size-medium_large wp-image-12262\" alt=\"\" title=\"\" srcset=\"https:\/\/ceylanport.com\/wp-content\/uploads\/2026\/02\/rotary-dryer-768x383.webp 768w, https:\/\/ceylanport.com\/wp-content\/uploads\/2026\/02\/rotary-dryer-300x149.webp 300w, https:\/\/ceylanport.com\/wp-content\/uploads\/2026\/02\/rotary-dryer-1024x510.webp 1024w, https:\/\/ceylanport.com\/wp-content\/uploads\/2026\/02\/rotary-dryer-1536x765.webp 1536w, https:\/\/ceylanport.com\/wp-content\/uploads\/2026\/02\/rotary-dryer-18x9.webp 18w, https:\/\/ceylanport.com\/wp-content\/uploads\/2026\/02\/rotary-dryer.webp 1600w\" sizes=\"(max-width: 768px) 100vw, 768px\" \/><\/div>\n\t\t<\/a>\n\t\t\t\t<div class=\"elementor-post__text\">\n\t\t\t\t<h3 class=\"elementor-post__title\">\n\t\t\t<a href=\"https:\/\/ceylanport.com\/tr\/how-a-rotary-drum-dryer-works\/\" >\n\t\t\t\tD\u00f6ner Tamburlu Kurutucu Nas\u0131l \u00c7al\u0131\u015f\u0131r\t\t\t<\/a>\n\t\t<\/h3>\n\t\t\t\t<div class=\"elementor-post__meta-data\">\n\t\t\t\t\t<span class=\"elementor-post-date\">\n\t\t\t2 \u015eubat 2026\t\t<\/span>\n\t\t\t\t<span class=\"elementor-post-avatar\">\n\t\t\tYorum yap\u0131lmam\u0131\u015f\t\t<\/span>\n\t\t\t\t<\/div>\n\t\t\n\t\t<a class=\"elementor-post__read-more\" href=\"https:\/\/ceylanport.com\/tr\/how-a-rotary-drum-dryer-works\/\" aria-label=\"Read more about How a Rotary Drum Dryer Works\" tabindex=\"-1\" >\n\t\t\tDaha Fazla Oku \t\t<\/a>\n\n\t\t\t\t<\/div>\n\t\t\t\t<\/article>\n\t\t\t\t<article class=\"elementor-post elementor-grid-item post-8759 post type-post status-publish format-standard has-post-thumbnail hentry category-uncategorized\" role=\"listitem\">\n\t\t\t\t<a class=\"elementor-post__thumbnail__link\" href=\"https:\/\/ceylanport.com\/tr\/fertilizer-granulation-plant\/\" tabindex=\"-1\" >\n\t\t\t<div class=\"elementor-post__thumbnail\"><img loading=\"lazy\" decoding=\"async\" width=\"768\" height=\"512\" src=\"https:\/\/ceylanport.com\/wp-content\/uploads\/2025\/08\/Monochrome-Granules-Arrangement-768x512.png\" class=\"attachment-medium_large size-medium_large wp-image-8795\" alt=\"\" title=\"\" srcset=\"https:\/\/ceylanport.com\/wp-content\/uploads\/2025\/08\/Monochrome-Granules-Arrangement-768x512.png 768w, https:\/\/ceylanport.com\/wp-content\/uploads\/2025\/08\/Monochrome-Granules-Arrangement-300x200.png 300w, https:\/\/ceylanport.com\/wp-content\/uploads\/2025\/08\/Monochrome-Granules-Arrangement-1024x683.png 1024w, https:\/\/ceylanport.com\/wp-content\/uploads\/2025\/08\/Monochrome-Granules-Arrangement.png 1536w\" sizes=\"(max-width: 768px) 100vw, 768px\" \/><\/div>\n\t\t<\/a>\n\t\t\t\t<div class=\"elementor-post__text\">\n\t\t\t\t<h3 class=\"elementor-post__title\">\n\t\t\t<a href=\"https:\/\/ceylanport.com\/tr\/fertilizer-granulation-plant\/\" >\n\t\t\t\tG\u00fcbre Gran\u00fclasyon Tesisi\t\t\t<\/a>\n\t\t<\/h3>\n\t\t\t\t<div class=\"elementor-post__meta-data\">\n\t\t\t\t\t<span class=\"elementor-post-date\">\n\t\t\t19 A\u011fustos 2025\t\t<\/span>\n\t\t\t\t<span class=\"elementor-post-avatar\">\n\t\t\tYorum yap\u0131lmam\u0131\u015f\t\t<\/span>\n\t\t\t\t<\/div>\n\t\t\n\t\t<a class=\"elementor-post__read-more\" href=\"https:\/\/ceylanport.com\/tr\/fertilizer-granulation-plant\/\" aria-label=\"Read more about Fertilizer Granulation Plant\" tabindex=\"-1\" >\n\t\t\tDaha Fazla Oku \t\t<\/a>\n\n\t\t\t\t<\/div>\n\t\t\t\t<\/article>\n\t\t\t\t<\/div>\n\t\t\n\t\t\t\t\t\t<\/div>\n\t\t\t\t<\/div>\n\t\t\t\t\t<\/div>\n\t\t<\/div>\n\t\t\t\t\t<\/div>\n\t\t<\/section>\n\t\t\t\t<section class=\"elementor-section elementor-top-section elementor-element elementor-element-6b5ab945 elementor-section-boxed elementor-section-height-default elementor-section-height-default\" data-id=\"6b5ab945\" data-element_type=\"section\" data-e-type=\"section\" data-settings=\"{&quot;background_background&quot;:&quot;classic&quot;}\">\n\t\t\t\t\t\t<div class=\"elementor-container elementor-column-gap-default\">\n\t\t\t\t\t<div class=\"elementor-column elementor-col-70 elementor-top-column elementor-element elementor-element-bb811c2\" data-id=\"bb811c2\" data-element_type=\"column\" data-e-type=\"column\">\n\t\t\t<div class=\"elementor-widget-wrap elementor-element-populated\">\n\t\t\t\t\t\t<div class=\"elementor-element elementor-element-70c65cc2 elementor-widget elementor-widget-heading\" data-id=\"70c65cc2\" data-element_type=\"widget\" data-e-type=\"widget\" data-widget_type=\"heading.default\">\n\t\t\t\t\t<h3 class=\"elementor-heading-title elementor-size-default\">\u00dccretsiz Dan\u0131\u015fmanl\u0131k Al\u0131n<\/h3>\t\t\t\t<\/div>\n\t\t\t\t\t<\/div>\n\t\t<\/div>\n\t\t\t\t<div class=\"elementor-column elementor-col-30 elementor-top-column elementor-element elementor-element-1e3b644\" data-id=\"1e3b644\" data-element_type=\"column\" data-e-type=\"column\">\n\t\t\t<div class=\"elementor-widget-wrap elementor-element-populated\">\n\t\t\t\t\t\t<div class=\"elementor-element elementor-element-424e716d elementor-align-right elementor-mobile-align-center elementor-widget elementor-widget-button\" data-id=\"424e716d\" data-element_type=\"widget\" data-e-type=\"widget\" data-widget_type=\"button.default\">\n\t\t\t\t\t\t\t\t\t\t<a class=\"elementor-button elementor-button-link elementor-size-sm\" href=\"\/tr\/contact-ceylan\/\">\n\t\t\t\t\t\t<span class=\"elementor-button-content-wrapper\">\n\t\t\t\t\t\t\t\t\t<span class=\"elementor-button-text\">Bize Ula\u015f\u0131n<\/span>\n\t\t\t\t\t<\/span>\n\t\t\t\t\t<\/a>\n\t\t\t\t\t\t\t\t<\/div>\n\t\t\t\t\t<\/div>\n\t\t<\/div>\n\t\t\t\t\t<\/div>\n\t\t<\/section>\n\t\t\t\t<\/div>","protected":false},"excerpt":{"rendered":"<p>Home Blog Get a Free Consultation Contact Us<\/p>","protected":false},"author":1,"featured_media":0,"parent":0,"menu_order":0,"comment_status":"closed","ping_status":"closed","template":"","meta":{"footnotes":""},"class_list":["post-8715","page","type-page","status-publish","hentry"],"_links":{"self":[{"href":"https:\/\/ceylanport.com\/tr\/wp-json\/wp\/v2\/pages\/8715","targetHints":{"allow":["GET"]}}],"collection":[{"href":"https:\/\/ceylanport.com\/tr\/wp-json\/wp\/v2\/pages"}],"about":[{"href":"https:\/\/ceylanport.com\/tr\/wp-json\/wp\/v2\/types\/page"}],"author":[{"embeddable":true,"href":"https:\/\/ceylanport.com\/tr\/wp-json\/wp\/v2\/users\/1"}],"replies":[{"embeddable":true,"href":"https:\/\/ceylanport.com\/tr\/wp-json\/wp\/v2\/comments?post=8715"}],"version-history":[{"count":38,"href":"https:\/\/ceylanport.com\/tr\/wp-json\/wp\/v2\/pages\/8715\/revisions"}],"predecessor-version":[{"id":12288,"href":"https:\/\/ceylanport.com\/tr\/wp-json\/wp\/v2\/pages\/8715\/revisions\/12288"}],"wp:attachment":[{"href":"https:\/\/ceylanport.com\/tr\/wp-json\/wp\/v2\/media?parent=8715"}],"curies":[{"name":"wp","href":"https:\/\/api.w.org\/{rel}","templated":true}]}}