{"id":8341,"date":"2025-07-31T13:22:19","date_gmt":"2025-07-31T13:22:19","guid":{"rendered":"https:\/\/ceylanport.com\/?page_id=8341"},"modified":"2025-09-04T06:55:32","modified_gmt":"2025-09-04T06:55:32","slug":"faq","status":"publish","type":"page","link":"https:\/\/ceylanport.com\/tr\/faq\/","title":{"rendered":"FAQ"},"content":{"rendered":"<div data-elementor-type=\"wp-page\" data-elementor-id=\"8341\" class=\"elementor elementor-8341\" data-elementor-post-type=\"page\">\n\t\t\t\t\t\t<section class=\"elementor-section elementor-top-section elementor-element elementor-element-28d1d587 elementor-section-content-middle elementor-section-boxed elementor-section-height-default elementor-section-height-default\" data-id=\"28d1d587\" data-element_type=\"section\" data-e-type=\"section\" data-settings=\"{&quot;background_background&quot;:&quot;classic&quot;}\">\n\t\t\t\t\t\t\t<div class=\"elementor-background-overlay\"><\/div>\n\t\t\t\t\t\t\t<div class=\"elementor-container elementor-column-gap-wide\">\n\t\t\t\t\t<div class=\"elementor-column elementor-col-100 elementor-top-column elementor-element elementor-element-45901cbe\" data-id=\"45901cbe\" data-element_type=\"column\" data-e-type=\"column\">\n\t\t\t<div class=\"elementor-widget-wrap elementor-element-populated\">\n\t\t\t\t\t\t<div class=\"elementor-element elementor-element-35078764 elementor-invisible elementor-widget elementor-widget-heading\" data-id=\"35078764\" data-element_type=\"widget\" data-e-type=\"widget\" data-settings=\"{&quot;_animation&quot;:&quot;fadeIn&quot;,&quot;_animation_delay&quot;:50}\" data-widget_type=\"heading.default\">\n\t\t\t\t\t<div class=\"elementor-heading-title elementor-size-default\">Yard\u0131ma m\u0131 ihtiyac\u0131n\u0131z var?<\/div>\t\t\t\t<\/div>\n\t\t\t\t<div class=\"elementor-element elementor-element-11ef5e60 elementor-invisible elementor-widget elementor-widget-heading\" data-id=\"11ef5e60\" data-element_type=\"widget\" data-e-type=\"widget\" data-settings=\"{&quot;_animation&quot;:&quot;fadeIn&quot;,&quot;_animation_delay&quot;:100}\" data-widget_type=\"heading.default\">\n\t\t\t\t\t<h1 class=\"elementor-heading-title elementor-size-default\">S\u0131k\u00e7a Sorulan Sorular<\/h1>\t\t\t\t<\/div>\n\t\t\t\t<div class=\"elementor-element elementor-element-3d4f806f elementor-widget-divider--view-line elementor-invisible elementor-widget elementor-widget-divider\" data-id=\"3d4f806f\" data-element_type=\"widget\" data-e-type=\"widget\" data-settings=\"{&quot;_animation&quot;:&quot;fadeIn&quot;,&quot;_animation_delay&quot;:300}\" data-widget_type=\"divider.default\">\n\t\t\t\t\t\t\t<div class=\"elementor-divider\">\n\t\t\t<span class=\"elementor-divider-separator\">\n\t\t\t\t\t\t<\/span>\n\t\t<\/div>\n\t\t\t\t\t\t<\/div>\n\t\t\t\t<div class=\"elementor-element elementor-element-34898673 elementor-invisible elementor-widget elementor-widget-heading\" data-id=\"34898673\" data-element_type=\"widget\" data-e-type=\"widget\" data-settings=\"{&quot;_animation&quot;:&quot;fadeIn&quot;,&quot;_animation_delay&quot;:150}\" data-widget_type=\"heading.default\">\n\t\t\t\t\t<h2 class=\"elementor-heading-title elementor-size-default\">\u00d6zelle\u015ftirilmi\u015f G\u00fcbre Tesisi \u00c7\u00f6z\u00fcmleri \u0130\u00e7in \u0130leti\u015fime Ge\u00e7in\n<\/h2>\t\t\t\t<\/div>\n\t\t\t\t\t<\/div>\n\t\t<\/div>\n\t\t\t\t\t<\/div>\n\t\t<\/section>\n\t\t\t\t<section class=\"elementor-section elementor-top-section elementor-element elementor-element-2cba7cb0 elementor-section-content-middle elementor-section-boxed elementor-section-height-default elementor-section-height-default\" data-id=\"2cba7cb0\" data-element_type=\"section\" data-e-type=\"section\" data-settings=\"{&quot;background_background&quot;:&quot;classic&quot;}\">\n\t\t\t\t\t\t\t<div class=\"elementor-background-overlay\"><\/div>\n\t\t\t\t\t\t\t<div class=\"elementor-container elementor-column-gap-default\">\n\t\t\t\t\t<div class=\"elementor-column elementor-col-100 elementor-top-column elementor-element elementor-element-cd5ca97\" data-id=\"cd5ca97\" data-element_type=\"column\" data-e-type=\"column\">\n\t\t\t<div class=\"elementor-widget-wrap elementor-element-populated\">\n\t\t\t\t\t\t<div class=\"elementor-element elementor-element-51fb79ea elementor-invisible elementor-widget elementor-widget-text-editor\" data-id=\"51fb79ea\" data-element_type=\"widget\" data-e-type=\"widget\" data-settings=\"{&quot;_animation&quot;:&quot;fadeInDown&quot;}\" data-widget_type=\"text-editor.default\">\n\t\t\t\t\t\t\t\t\t<p>Soru<\/p>\t\t\t\t\t\t\t\t<\/div>\n\t\t\t\t<div class=\"elementor-element elementor-element-333fd198 animated-slow elementor-invisible elementor-widget elementor-widget-heading\" data-id=\"333fd198\" data-element_type=\"widget\" data-e-type=\"widget\" data-settings=\"{&quot;_animation&quot;:&quot;fadeIn&quot;,&quot;_animation_delay&quot;:600}\" data-widget_type=\"heading.default\">\n\t\t\t\t\t<h2 class=\"elementor-heading-title elementor-size-default\">S\u0131k\u00e7a Sorulan Sorular\n<\/h2>\t\t\t\t<\/div>\n\t\t\t\t<div class=\"elementor-element elementor-element-3aa18719 elementor-widget elementor-widget-spacer\" data-id=\"3aa18719\" data-element_type=\"widget\" data-e-type=\"widget\" data-widget_type=\"spacer.default\">\n\t\t\t\t\t\t\t<div class=\"elementor-spacer\">\n\t\t\t<div class=\"elementor-spacer-inner\"><\/div>\n\t\t<\/div>\n\t\t\t\t\t\t<\/div>\n\t\t\t\t<div class=\"elementor-element elementor-element-33020cc4 elementor-invisible elementor-widget elementor-widget-text-editor\" data-id=\"33020cc4\" data-element_type=\"widget\" data-e-type=\"widget\" data-settings=\"{&quot;_animation_delay&quot;:600,&quot;_animation&quot;:&quot;fadeInUp&quot;}\" data-widget_type=\"text-editor.default\">\n\t\t\t\t\t\t\t\t\t<p>G\u00fcbre tesisi \u00fcretim yetkinliklerimiz, ekipmanlar\u0131m\u0131z, \u00f6zel \u00e7\u00f6z\u00fcmlerimiz ve destek hizmetlerimiz hakk\u0131ndaki sorular\u0131n\u0131z\u0131n yan\u0131tlar\u0131n\u0131 bulun.<\/p>\t\t\t\t\t\t\t\t<\/div>\n\t\t\t\t<div class=\"elementor-element elementor-element-35c3b078 envato-kit-139-accordion elementor-widget elementor-widget-accordion\" data-id=\"35c3b078\" data-element_type=\"widget\" data-e-type=\"widget\" data-widget_type=\"accordion.default\">\n\t\t\t\t\t\t\t<div class=\"elementor-accordion\">\n\t\t\t\t\t\t\t<div class=\"elementor-accordion-item\">\n\t\t\t\t\t<div id=\"elementor-tab-title-9021\" class=\"elementor-tab-title\" data-tab=\"1\" role=\"button\" aria-controls=\"elementor-tab-content-9021\" aria-expanded=\"false\">\n\t\t\t\t\t\t\t\t\t\t\t\t\t<span class=\"elementor-accordion-icon elementor-accordion-icon-right\" aria-hidden=\"true\">\n\t\t\t\t\t\t\t\t\t\t\t\t\t\t\t<span class=\"elementor-accordion-icon-closed\"><svg class=\"e-font-icon-svg e-fas-plus-circle\" viewbox=\"0 0 512 512\" xmlns=\"http:\/\/www.w3.org\/2000\/svg\"><path d=\"M256 8C119 8 8 119 8 256s111 248 248 248 248-111 248-248S393 8 256 8zm144 276c0 6.6-5.4 12-12 12h-92v92c0 6.6-5.4 12-12 12h-56c-6.6 0-12-5.4-12-12v-92h-92c-6.6 0-12-5.4-12-12v-56c0-6.6 5.4-12 12-12h92v-92c0-6.6 5.4-12 12-12h56c6.6 0 12 5.4 12 12v92h92c6.6 0 12 5.4 12 12v56z\"><\/path><\/svg><\/span>\n\t\t\t\t\t\t\t\t<span class=\"elementor-accordion-icon-opened\"><svg class=\"e-font-icon-svg e-fas-minus-circle\" viewbox=\"0 0 512 512\" xmlns=\"http:\/\/www.w3.org\/2000\/svg\"><path d=\"M256 8C119 8 8 119 8 256s111 248 248 248 248-111 248-248S393 8 256 8zM124 296c-6.6 0-12-5.4-12-12v-56c0-6.6 5.4-12 12-12h264c6.6 0 12 5.4 12 12v56c0 6.6-5.4 12-12 12H124z\"><\/path><\/svg><\/span>\n\t\t\t\t\t\t\t\t\t\t\t\t\t\t<\/span>\n\t\t\t\t\t\t\t\t\t\t\t\t<a class=\"elementor-accordion-title\" tabindex=\"0\">Farkl\u0131 tesis kapasiteleri i\u00e7in \u00f6zel tasar\u0131mlar sunuyor musunuz?<\/a>\n\t\t\t\t\t<\/div>\n\t\t\t\t\t<div id=\"elementor-tab-content-9021\" class=\"elementor-tab-content elementor-clearfix\" data-tab=\"1\" role=\"region\" aria-labelledby=\"elementor-tab-title-9021\"><p>Evet. M\u00fchendislik ekibimiz; belirli \u00fcretim kapasitelerini, alan k\u0131s\u0131tlamalar\u0131n\u0131 ve s\u00fcre\u00e7 gereksinimlerini kar\u015f\u0131layacak \u015fekilde tesis tasar\u0131mlar\u0131n\u0131 uyarlayabilir. M\u00fc\u015fterilerimizin ihtiya\u00e7lar\u0131na uygun anahtar teslim \u00e7\u00f6z\u00fcmler sunmak amac\u0131yla onlarla yak\u0131ndan \u00e7al\u0131\u015f\u0131yoruz.<\/p><\/div>\n\t\t\t\t<\/div>\n\t\t\t\t\t\t\t<div class=\"elementor-accordion-item\">\n\t\t\t\t\t<div id=\"elementor-tab-title-9022\" class=\"elementor-tab-title\" data-tab=\"2\" role=\"button\" aria-controls=\"elementor-tab-content-9022\" aria-expanded=\"false\">\n\t\t\t\t\t\t\t\t\t\t\t\t\t<span class=\"elementor-accordion-icon elementor-accordion-icon-right\" aria-hidden=\"true\">\n\t\t\t\t\t\t\t\t\t\t\t\t\t\t\t<span class=\"elementor-accordion-icon-closed\"><svg class=\"e-font-icon-svg e-fas-plus-circle\" viewbox=\"0 0 512 512\" xmlns=\"http:\/\/www.w3.org\/2000\/svg\"><path d=\"M256 8C119 8 8 119 8 256s111 248 248 248 248-111 248-248S393 8 256 8zm144 276c0 6.6-5.4 12-12 12h-92v92c0 6.6-5.4 12-12 12h-56c-6.6 0-12-5.4-12-12v-92h-92c-6.6 0-12-5.4-12-12v-56c0-6.6 5.4-12 12-12h92v-92c0-6.6 5.4-12 12-12h56c6.6 0 12 5.4 12 12v92h92c6.6 0 12 5.4 12 12v56z\"><\/path><\/svg><\/span>\n\t\t\t\t\t\t\t\t<span class=\"elementor-accordion-icon-opened\"><svg class=\"e-font-icon-svg e-fas-minus-circle\" viewbox=\"0 0 512 512\" xmlns=\"http:\/\/www.w3.org\/2000\/svg\"><path d=\"M256 8C119 8 8 119 8 256s111 248 248 248 248-111 248-248S393 8 256 8zM124 296c-6.6 0-12-5.4-12-12v-56c0-6.6 5.4-12 12-12h264c6.6 0 12 5.4 12 12v56c0 6.6-5.4 12-12 12H124z\"><\/path><\/svg><\/span>\n\t\t\t\t\t\t\t\t\t\t\t\t\t\t<\/span>\n\t\t\t\t\t\t\t\t\t\t\t\t<a class=\"elementor-accordion-title\" tabindex=\"0\">Kurulum sonras\u0131nda ne t\u00fcr destek hizmetleri sa\u011fl\u0131yorsunuz?<\/a>\n\t\t\t\t\t<\/div>\n\t\t\t\t\t<div id=\"elementor-tab-content-9022\" class=\"elementor-tab-content elementor-clearfix\" data-tab=\"2\" role=\"region\" aria-labelledby=\"elementor-tab-title-9022\"><p>Devreye alma, operat\u00f6r e\u011fitimi, \u00f6nleyici bak\u0131m planlar\u0131 ve uzaktan teknik destek dahil olmak \u00fczere kapsaml\u0131 sat\u0131\u015f sonras\u0131 deste\u011fi sunuyoruz. Servis ekibimiz, tesisinizin t\u00fcm ya\u015fam d\u00f6ng\u00fcs\u00fc boyunca verimli bir \u015fekilde \u00e7al\u0131\u015fmas\u0131n\u0131 sa\u011flamak \u00fczere hizmetinizdedir.<\/p><\/div>\n\t\t\t\t<\/div>\n\t\t\t\t\t\t\t<div class=\"elementor-accordion-item\">\n\t\t\t\t\t<div id=\"elementor-tab-title-9023\" class=\"elementor-tab-title\" data-tab=\"3\" role=\"button\" aria-controls=\"elementor-tab-content-9023\" aria-expanded=\"false\">\n\t\t\t\t\t\t\t\t\t\t\t\t\t<span class=\"elementor-accordion-icon elementor-accordion-icon-right\" aria-hidden=\"true\">\n\t\t\t\t\t\t\t\t\t\t\t\t\t\t\t<span class=\"elementor-accordion-icon-closed\"><svg class=\"e-font-icon-svg e-fas-plus-circle\" viewbox=\"0 0 512 512\" xmlns=\"http:\/\/www.w3.org\/2000\/svg\"><path d=\"M256 8C119 8 8 119 8 256s111 248 248 248 248-111 248-248S393 8 256 8zm144 276c0 6.6-5.4 12-12 12h-92v92c0 6.6-5.4 12-12 12h-56c-6.6 0-12-5.4-12-12v-92h-92c-6.6 0-12-5.4-12-12v-56c0-6.6 5.4-12 12-12h92v-92c0-6.6 5.4-12 12-12h56c6.6 0 12 5.4 12 12v92h92c6.6 0 12 5.4 12 12v56z\"><\/path><\/svg><\/span>\n\t\t\t\t\t\t\t\t<span class=\"elementor-accordion-icon-opened\"><svg class=\"e-font-icon-svg e-fas-minus-circle\" viewbox=\"0 0 512 512\" xmlns=\"http:\/\/www.w3.org\/2000\/svg\"><path d=\"M256 8C119 8 8 119 8 256s111 248 248 248 248-111 248-248S393 8 256 8zM124 296c-6.6 0-12-5.4-12-12v-56c0-6.6 5.4-12 12-12h264c6.6 0 12 5.4 12 12v56c0 6.6-5.4 12-12 12H124z\"><\/path><\/svg><\/span>\n\t\t\t\t\t\t\t\t\t\t\t\t\t\t<\/span>\n\t\t\t\t\t\t\t\t\t\t\t\t<a class=\"elementor-accordion-title\" tabindex=\"0\">Tesisleriniz hangi sertifika ve standartlara uygundur?<\/a>\n\t\t\t\t\t<\/div>\n\t\t\t\t\t<div id=\"elementor-tab-content-9023\" class=\"elementor-tab-content elementor-clearfix\" data-tab=\"3\" role=\"region\" aria-labelledby=\"elementor-tab-title-9023\"><p>G\u00fcbre tesislerimiz; ISO ve CE gibi uluslararas\u0131 standartlara uygun olacak \u015fekilde tasarlanmakta ve imal edilmektedir. Ayr\u0131ca; g\u00fcvenlik, verimlilik ve \u00e7evresel uyumlulu\u011fu sa\u011flamak amac\u0131yla yerel d\u00fczenleyici gerekliliklere ve sekt\u00f6r\u00fcn en iyi uygulamalar\u0131na da riayet etmekteyiz.<\/p><\/div>\n\t\t\t\t<\/div>\n\t\t\t\t\t\t\t<div class=\"elementor-accordion-item\">\n\t\t\t\t\t<div id=\"elementor-tab-title-9024\" class=\"elementor-tab-title\" data-tab=\"4\" role=\"button\" aria-controls=\"elementor-tab-content-9024\" aria-expanded=\"false\">\n\t\t\t\t\t\t\t\t\t\t\t\t\t<span class=\"elementor-accordion-icon elementor-accordion-icon-right\" aria-hidden=\"true\">\n\t\t\t\t\t\t\t\t\t\t\t\t\t\t\t<span class=\"elementor-accordion-icon-closed\"><svg class=\"e-font-icon-svg e-fas-plus-circle\" viewbox=\"0 0 512 512\" xmlns=\"http:\/\/www.w3.org\/2000\/svg\"><path d=\"M256 8C119 8 8 119 8 256s111 248 248 248 248-111 248-248S393 8 256 8zm144 276c0 6.6-5.4 12-12 12h-92v92c0 6.6-5.4 12-12 12h-56c-6.6 0-12-5.4-12-12v-92h-92c-6.6 0-12-5.4-12-12v-56c0-6.6 5.4-12 12-12h92v-92c0-6.6 5.4-12 12-12h56c6.6 0 12 5.4 12 12v92h92c6.6 0 12 5.4 12 12v56z\"><\/path><\/svg><\/span>\n\t\t\t\t\t\t\t\t<span class=\"elementor-accordion-icon-opened\"><svg class=\"e-font-icon-svg e-fas-minus-circle\" viewbox=\"0 0 512 512\" xmlns=\"http:\/\/www.w3.org\/2000\/svg\"><path d=\"M256 8C119 8 8 119 8 256s111 248 248 248 248-111 248-248S393 8 256 8zM124 296c-6.6 0-12-5.4-12-12v-56c0-6.6 5.4-12 12-12h264c6.6 0 12 5.4 12 12v56c0 6.6-5.4 12-12 12H124z\"><\/path><\/svg><\/span>\n\t\t\t\t\t\t\t\t\t\t\t\t\t\t<\/span>\n\t\t\t\t\t\t\t\t\t\t\t\t<a class=\"elementor-accordion-title\" tabindex=\"0\">Bir gran\u00fclasyon tesisi i\u00e7in ger\u00e7ekle\u015ftirebilece\u011finiz en d\u00fc\u015f\u00fck ve en y\u00fcksek kapasite nedir?<\/a>\n\t\t\t\t\t<\/div>\n\t\t\t\t\t<div id=\"elementor-tab-content-9024\" class=\"elementor-tab-content elementor-clearfix\" data-tab=\"4\" role=\"region\" aria-labelledby=\"elementor-tab-title-9024\"><p>Proje takvimleri; tesisin b\u00fcy\u00fckl\u00fc\u011f\u00fcne ve kapsam\u0131na ba\u011fl\u0131 olarak de\u011fi\u015fiklik g\u00f6sterir. Daha k\u00fc\u00e7\u00fck \u00f6l\u00e7ekli gran\u00fclasyon tesisleri, 4 ila 6 ay gibi k\u0131sa bir s\u00fcre i\u00e7inde tasarlanabilir, \u00fcretilebilir ve devreye al\u0131nabilir. Daha karma\u015f\u0131k ve y\u00fcksek kapasiteli tesislerin ise tasar\u0131m a\u015famas\u0131ndan devreye alma s\u00fcrecine kadar tamamlanmas\u0131 8 ila 12 ay s\u00fcrebilir. Projenin zaman\u0131nda tamamlanmas\u0131n\u0131 sa\u011flamak amac\u0131yla, hen\u00fcz ba\u015flang\u0131\u00e7 \u200b\u200ba\u015famas\u0131nda sizinle bir takvim \u00fczerinde mutab\u0131k kal\u0131r ve projenin t\u00fcm a\u015famalar\u0131n\u0131 titizlikle y\u00f6netiriz.<\/p><p>Proje takvimleri; tesisin b\u00fcy\u00fckl\u00fc\u011f\u00fcne ve kapsam\u0131na ba\u011fl\u0131 olarak de\u011fi\u015fiklik g\u00f6sterir. Daha k\u00fc\u00e7\u00fck \u00f6l\u00e7ekli gran\u00fclasyon tesisleri, 4 ila 6 ay gibi k\u0131sa bir s\u00fcre i\u00e7inde tasarlanabilir, \u00fcretilebilir ve devreye al\u0131nabilir. Daha karma\u015f\u0131k ve y\u00fcksek kapasiteli tesislerin ise tasar\u0131m a\u015famas\u0131ndan devreye alma s\u00fcrecine kadar tamamlanmas\u0131 8 ila 12 ay s\u00fcrebilir. Projenin zaman\u0131nda tamamlanmas\u0131n\u0131 sa\u011flamak amac\u0131yla, hen\u00fcz ba\u015flang\u0131\u00e7 \u200b\u200ba\u015famas\u0131nda sizinle bir takvim \u00fczerinde mutab\u0131k kal\u0131r ve projenin t\u00fcm a\u015famalar\u0131n\u0131 titizlikle y\u00f6netiriz.<\/p><p>Proje takvimleri; tesisin b\u00fcy\u00fckl\u00fc\u011f\u00fcne ve kapsam\u0131na ba\u011fl\u0131 olarak de\u011fi\u015fiklik g\u00f6sterir. Daha k\u00fc\u00e7\u00fck \u00f6l\u00e7ekli gran\u00fclasyon tesisleri, 4 ila 6 ay gibi k\u0131sa bir s\u00fcre i\u00e7inde tasarlanabilir, \u00fcretilebilir ve devreye al\u0131nabilir. Daha karma\u015f\u0131k ve y\u00fcksek kapasiteli tesislerin ise tasar\u0131m a\u015famas\u0131ndan devreye alma s\u00fcrecine kadar tamamlanmas\u0131 8 ila 12 ay s\u00fcrebilir. Projenin zaman\u0131nda tamamlanmas\u0131n\u0131 sa\u011flamak amac\u0131yla, hen\u00fcz ba\u015flang\u0131\u00e7 \u200b\u200ba\u015famas\u0131nda sizinle bir takvim \u00fczerinde mutab\u0131k kal\u0131r ve projenin t\u00fcm a\u015famalar\u0131n\u0131 titizlikle y\u00f6netiriz.<\/p><p>Geni\u015f bir \u00fcretim kapasitesi yelpazesine y\u00f6nelik gran\u00fclasyon tesisleri tasarl\u0131yoruz. En k\u00fc\u00e7\u00fck hatlar\u0131m\u0131z, saatte yaln\u0131zca birka\u00e7 ton g\u00fcbre \u00fcreterek pilot projeler veya ni\u015f \u00fcr\u00fcnler i\u00e7in ideal bir \u00e7\u00f6z\u00fcm sunar. B\u00fcy\u00fck \u00f6l\u00e7ekli operasyonlar i\u00e7in ise saatte 100 ton veya daha fazla i\u015flem yapabilen tesisler tasarl\u0131yoruz. Her bir tesisi, tam olarak ihtiya\u00e7 duydu\u011funuz kapasiteye ula\u015fabilmeniz ad\u0131na, \u00fcretim hedeflerinize \u00f6zel olarak \u015fekillendiriyoruz.<\/p><\/div>\n\t\t\t\t<\/div>\n\t\t\t\t\t\t\t<div class=\"elementor-accordion-item\">\n\t\t\t\t\t<div id=\"elementor-tab-title-9025\" class=\"elementor-tab-title\" data-tab=\"5\" role=\"button\" aria-controls=\"elementor-tab-content-9025\" aria-expanded=\"false\">\n\t\t\t\t\t\t\t\t\t\t\t\t\t<span class=\"elementor-accordion-icon elementor-accordion-icon-right\" aria-hidden=\"true\">\n\t\t\t\t\t\t\t\t\t\t\t\t\t\t\t<span class=\"elementor-accordion-icon-closed\"><svg class=\"e-font-icon-svg e-fas-plus-circle\" viewbox=\"0 0 512 512\" xmlns=\"http:\/\/www.w3.org\/2000\/svg\"><path d=\"M256 8C119 8 8 119 8 256s111 248 248 248 248-111 248-248S393 8 256 8zm144 276c0 6.6-5.4 12-12 12h-92v92c0 6.6-5.4 12-12 12h-56c-6.6 0-12-5.4-12-12v-92h-92c-6.6 0-12-5.4-12-12v-56c0-6.6 5.4-12 12-12h92v-92c0-6.6 5.4-12 12-12h56c6.6 0 12 5.4 12 12v92h92c6.6 0 12 5.4 12 12v56z\"><\/path><\/svg><\/span>\n\t\t\t\t\t\t\t\t<span class=\"elementor-accordion-icon-opened\"><svg class=\"e-font-icon-svg e-fas-minus-circle\" viewbox=\"0 0 512 512\" xmlns=\"http:\/\/www.w3.org\/2000\/svg\"><path d=\"M256 8C119 8 8 119 8 256s111 248 248 248 248-111 248-248S393 8 256 8zM124 296c-6.6 0-12-5.4-12-12v-56c0-6.6 5.4-12 12-12h264c6.6 0 12 5.4 12 12v56c0 6.6-5.4 12-12 12H124z\"><\/path><\/svg><\/span>\n\t\t\t\t\t\t\t\t\t\t\t\t\t\t<\/span>\n\t\t\t\t\t\t\t\t\t\t\t\t<a class=\"elementor-accordion-title\" tabindex=\"0\">Bir bitkiyi tamamlamak ne kadar s\u00fcrer?<\/a>\n\t\t\t\t\t<\/div>\n\t\t\t\t\t<div id=\"elementor-tab-content-9025\" class=\"elementor-tab-content elementor-clearfix\" data-tab=\"5\" role=\"region\" aria-labelledby=\"elementor-tab-title-9025\"><p>Proje takvimleri; tesisin b\u00fcy\u00fckl\u00fc\u011f\u00fcne ve kapsam\u0131na ba\u011fl\u0131 olarak de\u011fi\u015fiklik g\u00f6sterir. Daha k\u00fc\u00e7\u00fck \u00f6l\u00e7ekli gran\u00fclasyon tesisleri, 4 ila 6 ay gibi k\u0131sa bir s\u00fcre i\u00e7inde tasarlanabilir, \u00fcretilebilir ve devreye al\u0131nabilir. Daha karma\u015f\u0131k ve y\u00fcksek kapasiteli tesislerin ise tasar\u0131m a\u015famas\u0131ndan devreye alma s\u00fcrecine kadar tamamlanmas\u0131 8 ila 12 ay s\u00fcrebilir. Projenin zaman\u0131nda tamamlanmas\u0131n\u0131 sa\u011flamak amac\u0131yla, hen\u00fcz ba\u015flang\u0131\u00e7 \u200b\u200ba\u015famas\u0131nda sizinle bir takvim \u00fczerinde mutab\u0131k kal\u0131r ve projenin t\u00fcm a\u015famalar\u0131n\u0131 titizlikle y\u00f6netiriz.<\/p><\/div>\n\t\t\t\t<\/div>\n\t\t\t\t\t\t\t<div class=\"elementor-accordion-item\">\n\t\t\t\t\t<div id=\"elementor-tab-title-9026\" class=\"elementor-tab-title\" data-tab=\"6\" role=\"button\" aria-controls=\"elementor-tab-content-9026\" aria-expanded=\"false\">\n\t\t\t\t\t\t\t\t\t\t\t\t\t<span class=\"elementor-accordion-icon elementor-accordion-icon-right\" aria-hidden=\"true\">\n\t\t\t\t\t\t\t\t\t\t\t\t\t\t\t<span class=\"elementor-accordion-icon-closed\"><svg class=\"e-font-icon-svg e-fas-plus-circle\" viewbox=\"0 0 512 512\" xmlns=\"http:\/\/www.w3.org\/2000\/svg\"><path d=\"M256 8C119 8 8 119 8 256s111 248 248 248 248-111 248-248S393 8 256 8zm144 276c0 6.6-5.4 12-12 12h-92v92c0 6.6-5.4 12-12 12h-56c-6.6 0-12-5.4-12-12v-92h-92c-6.6 0-12-5.4-12-12v-56c0-6.6 5.4-12 12-12h92v-92c0-6.6 5.4-12 12-12h56c6.6 0 12 5.4 12 12v92h92c6.6 0 12 5.4 12 12v56z\"><\/path><\/svg><\/span>\n\t\t\t\t\t\t\t\t<span class=\"elementor-accordion-icon-opened\"><svg class=\"e-font-icon-svg e-fas-minus-circle\" viewbox=\"0 0 512 512\" xmlns=\"http:\/\/www.w3.org\/2000\/svg\"><path d=\"M256 8C119 8 8 119 8 256s111 248 248 248 248-111 248-248S393 8 256 8zM124 296c-6.6 0-12-5.4-12-12v-56c0-6.6 5.4-12 12-12h264c6.6 0 12 5.4 12 12v56c0 6.6-5.4 12-12 12H124z\"><\/path><\/svg><\/span>\n\t\t\t\t\t\t\t\t\t\t\t\t\t\t<\/span>\n\t\t\t\t\t\t\t\t\t\t\t\t<a class=\"elementor-accordion-title\" tabindex=\"0\">Ne kadar alana ihtiyac\u0131m var?<\/a>\n\t\t\t\t\t<\/div>\n\t\t\t\t\t<div id=\"elementor-tab-content-9026\" class=\"elementor-tab-content elementor-clearfix\" data-tab=\"6\" role=\"region\" aria-labelledby=\"elementor-tab-title-9026\"><p>Gerekli alan miktar\u0131; talep etti\u011finiz \u00fcretim kapasitesine ve s\u00fcre\u00e7 yap\u0131land\u0131rmas\u0131na ba\u011fl\u0131d\u0131r. Kompakt bir gran\u00fclasyon hatt\u0131; ekipman, yard\u0131mc\u0131 tesisat ve \u00fcr\u00fcn depolama ihtiya\u00e7lar\u0131 i\u00e7in genellikle yakla\u015f\u0131k 5.000 metrekarelik kapal\u0131 ve a\u00e7\u0131k alana gereksinim duyar. Birden fazla \u00fcretim hatt\u0131na ve d\u00f6kme depolama imkan\u0131na sahip b\u00fcy\u00fck, entegre tesisler ise 10.000 ila 20.000 metrekare veya daha fazla alana ihtiya\u00e7 duyabilir. Kapasite ve \u00fcr\u00fcn karmas\u0131 gereksinimlerinizi tam olarak kavrad\u0131ktan sonra m\u00fchendislerimiz; arazi ihtiya\u00e7lar\u0131n\u0131z\u0131 do\u011fru bir \u015fekilde planlayabilmeniz ad\u0131na, bina oturumlar\u0131n\u0131, yard\u0131mc\u0131 tesisat koridorlar\u0131n\u0131 ve depolama alanlar\u0131n\u0131 g\u00f6steren saha yerle\u015fim planlar\u0131 haz\u0131rlarlar.<\/p><\/div>\n\t\t\t\t<\/div>\n\t\t\t\t\t\t\t<div class=\"elementor-accordion-item\">\n\t\t\t\t\t<div id=\"elementor-tab-title-9027\" class=\"elementor-tab-title\" data-tab=\"7\" role=\"button\" aria-controls=\"elementor-tab-content-9027\" aria-expanded=\"false\">\n\t\t\t\t\t\t\t\t\t\t\t\t\t<span class=\"elementor-accordion-icon elementor-accordion-icon-right\" aria-hidden=\"true\">\n\t\t\t\t\t\t\t\t\t\t\t\t\t\t\t<span class=\"elementor-accordion-icon-closed\"><svg class=\"e-font-icon-svg e-fas-plus-circle\" viewbox=\"0 0 512 512\" xmlns=\"http:\/\/www.w3.org\/2000\/svg\"><path d=\"M256 8C119 8 8 119 8 256s111 248 248 248 248-111 248-248S393 8 256 8zm144 276c0 6.6-5.4 12-12 12h-92v92c0 6.6-5.4 12-12 12h-56c-6.6 0-12-5.4-12-12v-92h-92c-6.6 0-12-5.4-12-12v-56c0-6.6 5.4-12 12-12h92v-92c0-6.6 5.4-12 12-12h56c6.6 0 12 5.4 12 12v92h92c6.6 0 12 5.4 12 12v56z\"><\/path><\/svg><\/span>\n\t\t\t\t\t\t\t\t<span class=\"elementor-accordion-icon-opened\"><svg class=\"e-font-icon-svg e-fas-minus-circle\" viewbox=\"0 0 512 512\" xmlns=\"http:\/\/www.w3.org\/2000\/svg\"><path d=\"M256 8C119 8 8 119 8 256s111 248 248 248 248-111 248-248S393 8 256 8zM124 296c-6.6 0-12-5.4-12-12v-56c0-6.6 5.4-12 12-12h264c6.6 0 12 5.4 12 12v56c0 6.6-5.4 12-12 12H124z\"><\/path><\/svg><\/span>\n\t\t\t\t\t\t\t\t\t\t\t\t\t\t<\/span>\n\t\t\t\t\t\t\t\t\t\t\t\t<a class=\"elementor-accordion-title\" tabindex=\"0\">\u0130n\u015faat i\u015flerini de \u00fcstleniyor musunuz?<\/a>\n\t\t\t\t\t<\/div>\n\t\t\t\t\t<div id=\"elementor-tab-content-9027\" class=\"elementor-tab-content elementor-clearfix\" data-tab=\"7\" role=\"region\" aria-labelledby=\"elementor-tab-title-9027\"><p>Temel uzmanl\u0131k alan\u0131m\u0131z s\u00fcre\u00e7 ve makine m\u00fchendisli\u011fi olmakla birlikte, ba\u015far\u0131l\u0131 bir tesis i\u00e7in in\u015faat i\u015flerinin kritik \u00f6nem ta\u015f\u0131d\u0131\u011f\u0131n\u0131n bilincindeyiz. Temeller, binalar ve altyap\u0131 kanallar\u0131 i\u00e7in detayl\u0131 in\u015faat ve yap\u0131sal \u00e7izimler haz\u0131rlamakta; bu i\u015flerin y\u00fcr\u00fct\u00fclmesi ad\u0131na, tercih etti\u011finiz in\u015faat y\u00fcklenicisiyle koordinasyon sa\u011flayabilmekte veya g\u00fcvenilir i\u015f ortaklar\u0131m\u0131z\u0131 s\u00fcrece dahil edebilmekteyiz. \u015eayet anahtar teslim bir \u00e7\u00f6z\u00fcm talep ederseniz; projenin t\u00fcm a\u015famalar\u0131n\u0131n gerekli standartlar\u0131 kar\u015f\u0131lamas\u0131n\u0131 g\u00fcvence alt\u0131na almak ad\u0131na, in\u015faat \u00e7al\u0131\u015fmalar\u0131n\u0131 ekipman tedari\u011fiyle e\u015f zamanl\u0131 olarak y\u00f6netebiliriz.<\/p><\/div>\n\t\t\t\t<\/div>\n\t\t\t\t\t\t\t\t<\/div>\n\t\t\t\t\t\t<\/div>\n\t\t\t\t\t<\/div>\n\t\t<\/div>\n\t\t\t\t\t<\/div>\n\t\t<\/section>\n\t\t\t\t<\/div>","protected":false},"excerpt":{"rendered":"<p>Need Help? FAQs Get in Touch for Tailored Fertilizer Plant Solutions The Question Frequently Asked Questions Find answers to your questions about our fertilizer plant manufacturing capabilities, equipment, custom solutions, and support services. Do you offer custom designs for different plant capacities? Yes. Our engineering team can tailor plant designs to meet specific production capacities, [&hellip;]<\/p>\n","protected":false},"author":1,"featured_media":0,"parent":0,"menu_order":0,"comment_status":"closed","ping_status":"closed","template":"","meta":{"footnotes":""},"class_list":["post-8341","page","type-page","status-publish","hentry"],"_links":{"self":[{"href":"https:\/\/ceylanport.com\/tr\/wp-json\/wp\/v2\/pages\/8341","targetHints":{"allow":["GET"]}}],"collection":[{"href":"https:\/\/ceylanport.com\/tr\/wp-json\/wp\/v2\/pages"}],"about":[{"href":"https:\/\/ceylanport.com\/tr\/wp-json\/wp\/v2\/types\/page"}],"author":[{"embeddable":true,"href":"https:\/\/ceylanport.com\/tr\/wp-json\/wp\/v2\/users\/1"}],"replies":[{"embeddable":true,"href":"https:\/\/ceylanport.com\/tr\/wp-json\/wp\/v2\/comments?post=8341"}],"version-history":[{"count":19,"href":"https:\/\/ceylanport.com\/tr\/wp-json\/wp\/v2\/pages\/8341\/revisions"}],"predecessor-version":[{"id":9048,"href":"https:\/\/ceylanport.com\/tr\/wp-json\/wp\/v2\/pages\/8341\/revisions\/9048"}],"wp:attachment":[{"href":"https:\/\/ceylanport.com\/tr\/wp-json\/wp\/v2\/media?parent=8341"}],"curies":[{"name":"wp","href":"https:\/\/api.w.org\/{rel}","templated":true}]}}