{"id":9183,"date":"2025-12-08T16:14:43","date_gmt":"2025-12-08T16:14:43","guid":{"rendered":"https:\/\/ceylanport.com\/?page_id=9183"},"modified":"2026-01-19T13:22:23","modified_gmt":"2026-01-19T13:22:23","slug":"packing-machinery","status":"publish","type":"page","link":"https:\/\/ceylanport.com\/fr\/granulation-equipment\/packing-machinery\/","title":{"rendered":"Machinerie d'emballage"},"content":{"rendered":"<div data-elementor-type=\"wp-page\" data-elementor-id=\"9183\" class=\"elementor elementor-9183\" data-elementor-post-type=\"page\">\n\t\t\t\t<div class=\"elementor-element elementor-element-ef02afe e-con-full e-flex e-con e-parent\" data-id=\"ef02afe\" data-element_type=\"container\" data-e-type=\"container\">\n\t\t\t\t<div class=\"elementor-element elementor-element-f6ea231 elementor-align-left elementor-widget elementor-widget-breadcrumbs\" data-id=\"f6ea231\" data-element_type=\"widget\" data-e-type=\"widget\" data-widget_type=\"breadcrumbs.default\">\n\t\t\t\t<div class=\"elementor-widget-container\">\n\t\t\t\t\t<nav aria-label=\"chapelure\" class=\"rank-math-breadcrumb\"><p><span class=\"last\">Accueil<\/span><\/p><\/nav>\t\t\t\t<\/div>\n\t\t\t\t<\/div>\n\t\t\t\t<\/div>\n\t\t<div class=\"elementor-element elementor-element-e18d1fe e-con-full e-flex e-con e-parent\" data-id=\"e18d1fe\" data-element_type=\"container\" data-e-type=\"container\">\n\t\t<div class=\"elementor-element elementor-element-992f5e5 e-con-full e-flex e-con e-child\" data-id=\"992f5e5\" data-element_type=\"container\" data-e-type=\"container\">\n\t\t\t\t<div class=\"elementor-element elementor-element-d16bd4d elementor-widget elementor-widget-heading\" data-id=\"d16bd4d\" data-element_type=\"widget\" data-e-type=\"widget\" data-widget_type=\"heading.default\">\n\t\t\t\t\t<h1 class=\"elementor-heading-title elementor-size-default\">Machine d'ensachage \u2014 Con\u00e7ue pour un ensachage pr\u00e9cis, sans poussi\u00e8re et 24h\/24 et 7j\/7.<\/h1>\t\t\t\t<\/div>\n\t\t\t\t<div class=\"elementor-element elementor-element-9eef076 elementor-widget elementor-widget-text-editor\" data-id=\"9eef076\" data-element_type=\"widget\" data-e-type=\"widget\" data-widget_type=\"text-editor.default\">\n\t\t\t\t\t\t\t\t\t<p>Nos ensacheuses \u00e0 alimentation par bande sont hautement fiables et utilisent un convoyeur d'entr\u00e9e pour acheminer le mat\u00e9riau vers le bec de remplissage.<\/p><p class=\"translation-block\"><strong>Enti\u00e8rement en acier inoxydable,<\/strong> pour vous permettre de manipuler des mat\u00e9riaux abrasifs \u2014 tels que les engrais \u2014 sans vous soucier de l'usure des composants.<\/p><p>Conditionne avec une grande pr\u00e9cision des engrais, des min\u00e9raux ou des produits chimiques en sacs \u2014 en combinant un pesage pr\u00e9cis, une alimentation contr\u00f4l\u00e9e du produit et une fermeture fiable des sacs (par couture ou thermoscellage) \u2014 afin de produire, \u00e0 haut d\u00e9bit, des emballages propres, uniformes et pr\u00eats \u00e0 l'exp\u00e9dition.<\/p><h2><strong>Pourquoi cela fonctionne-t-il mieux dans les emballages d'engrais ?<\/strong><\/h2><p class=\"translation-block\"><strong>Construction robuste pour environnements difficiles :<\/strong> con\u00e7u pour r\u00e9sister aux poussi\u00e8res d'engrais, \u00e0 l'abrasion et au fonctionnement en continu.<br><strong>Remplissage ma\u00eetris\u00e9 des poussi\u00e8res :<\/strong> syst\u00e8me de serrage des sacs et conception du bec optimis\u00e9s + raccordement pour l'aspiration des poussi\u00e8res, garantissant des zones de travail plus propres.<br><strong>Pesage stable et constant :<\/strong> con\u00e7u pour r\u00e9duire les variations de poids caus\u00e9es par les \u00e0-coups du produit, les vibrations et la pr\u00e9sence de poussi\u00e8re.<br><strong>R\u00e9sistance \u00e0 l'usure et facilit\u00e9 d'entretien :<\/strong> conception facilitant la maintenance, avec des pi\u00e8ces d'usure rempla\u00e7ables aux points les plus expos\u00e9s \u00e0 l'agressivit\u00e9 des engrais.<br><strong>Fonctionnement plus propre et plus s\u00fbr :<\/strong> r\u00e9duction des manipulations manuelles et des d\u00e9versements, ergonomie am\u00e9lior\u00e9e pour les op\u00e9rateurs.<\/p>\t\t\t\t\t\t\t\t<\/div>\n\t\t\t\t<\/div>\n\t\t<div class=\"elementor-element elementor-element-f52d0b2 e-con-full e-flex e-con e-child\" data-id=\"f52d0b2\" data-element_type=\"container\" data-e-type=\"container\">\n\t\t\t\t<div class=\"elementor-element elementor-element-091e932 elementor-widget elementor-widget-image\" data-id=\"091e932\" data-element_type=\"widget\" data-e-type=\"widget\" data-widget_type=\"image.default\">\n\t\t\t\t\t\t\t\t\t\t\t\t\t\t\t<img fetchpriority=\"high\" decoding=\"async\" width=\"768\" height=\"614\" src=\"https:\/\/ceylanport.com\/wp-content\/uploads\/2025\/12\/packing-machine-details-768x614.webp\" class=\"attachment-medium_large size-medium_large wp-image-9509\" alt=\"\" srcset=\"https:\/\/ceylanport.com\/wp-content\/uploads\/2025\/12\/packing-machine-details-768x614.webp 768w, https:\/\/ceylanport.com\/wp-content\/uploads\/2025\/12\/packing-machine-details-300x240.webp 300w, https:\/\/ceylanport.com\/wp-content\/uploads\/2025\/12\/packing-machine-details.webp 989w\" sizes=\"(max-width: 768px) 100vw, 768px\" title=\"\">\t\t\t\t\t\t\t\t\t\t\t\t\t\t\t<\/div>\n\t\t\t\t<\/div>\n\t\t\t\t<\/div>\n\t\t<div class=\"elementor-element elementor-element-8550f74 e-con-full e-flex e-con e-parent\" data-id=\"8550f74\" data-element_type=\"container\" data-e-type=\"container\">\n\t\t\t\t<div class=\"elementor-element elementor-element-bbc3d2a elementor-widget-mobile__width-initial elementor-widget elementor-widget-heading\" data-id=\"bbc3d2a\" data-element_type=\"widget\" data-e-type=\"widget\" data-widget_type=\"heading.default\">\n\t\t\t\t\t<p class=\"elementor-heading-title elementor-size-default\">Vue \u00e0 360\u00b0 du produit<\/p>\t\t\t\t<\/div>\n\t\t<div class=\"elementor-element elementor-element-a07a78d e-con-full e-flex e-con e-child\" data-id=\"a07a78d\" data-element_type=\"container\" data-e-type=\"container\">\n\t\t\t\t<div class=\"elementor-element elementor-element-447b835 elementor-widget elementor-widget-ucaddon_360_product_view\" data-id=\"447b835\" data-element_type=\"widget\" data-e-type=\"widget\" data-widget_type=\"ucaddon_360_product_view.default\">\n\t\t\t\t<div class=\"elementor-widget-container\">\n\t\t\t\t\t\n<!-- start 360\u00b0 Product Viewer -->\n<style>\/* widget: 360\u00b0 Product Viewer *\/\n\n#uc_360_product_view_elementor_447b835{\n  min-height:1px;\n}\n#uc_360_product_view_elementor_447b835 .cloudimage-360-icons-container{\n  gap:10px;\n  z-index:5;\n}\n\n.cloudimage-360-fullscreen-modal{\n  z-index: 999999;\n}\n.cloudimage-360-fullscreen-modal canvas{\n  background-color:;\n}\n\n\n\n<\/style>\n\n<div id=\"uc_360_product_view_elementor_447b835\">\n<div\n   id=\"uc_360_product_view_elementor_447b835_360\"\n   class=\"cloudimage-360 ax_360_product_view\"\n   data-folder=\"https:\/\/ceylanport.com\/wp-content\/uploads\/2025\/12\/\"\n   data-filename=\"Packing_Machine_{index}.webp\"\n   data-amount=\"36\"\n      data-autoplay=\"false\"\n   data-autoplay-reverse=\"false\"\n   data-speed=\"70\"\n   data-drag-speed=\"2\"\n   data-spin-reverse=\"false\"\n   data-stop-at-edges=\"false\"\n   data-bottom-circle=\"true\"\n   data-control-reverse=\"true\"\n   data-index-zero-base = \"0\"\n   data-magnifier=\"2\"   data-play-once = \"false\"\n     \n   \n   \n      data-lazyload=\"true\"   >\n   <\/div>\n<\/div>\n<!-- end 360\u00b0 Product Viewer -->\t\t\t\t<\/div>\n\t\t\t\t<\/div>\n\t\t\t\t<\/div>\n\t\t\t\t<\/div>\n\t\t<div class=\"elementor-element elementor-element-0141e84 e-con-full e-flex e-con e-parent\" data-id=\"0141e84\" data-element_type=\"container\" data-e-type=\"container\">\n\t\t<div class=\"elementor-element elementor-element-a801b80 e-con-full e-flex e-con e-child\" data-id=\"a801b80\" data-element_type=\"container\" data-e-type=\"container\">\n\t\t\t\t<div class=\"elementor-element elementor-element-af47ef1 elementor-widget elementor-widget-heading\" data-id=\"af47ef1\" data-element_type=\"widget\" data-e-type=\"widget\" data-widget_type=\"heading.default\">\n\t\t\t\t\t<h3 class=\"elementor-heading-title elementor-size-default\">Capacit\u00e9<\/h3>\t\t\t\t<\/div>\n\t\t\t\t<div class=\"elementor-element elementor-element-ac772d5 elementor-widget elementor-widget-heading\" data-id=\"ac772d5\" data-element_type=\"widget\" data-e-type=\"widget\" data-widget_type=\"heading.default\">\n\t\t\t\t\t<p class=\"elementor-heading-title elementor-size-default\">Jusqu'\u00e0 10 sacs par minute (600 par heure)<\/p>\t\t\t\t<\/div>\n\t\t\t\t<\/div>\n\t\t<div class=\"elementor-element elementor-element-0eb10a6 e-con-full e-flex e-con e-child\" data-id=\"0eb10a6\" data-element_type=\"container\" data-e-type=\"container\">\n\t\t\t\t<div class=\"elementor-element elementor-element-49aa95a elementor-widget elementor-widget-heading\" data-id=\"49aa95a\" data-element_type=\"widget\" data-e-type=\"widget\" data-widget_type=\"heading.default\">\n\t\t\t\t\t<h2 class=\"elementor-heading-title elementor-size-default\">Poids du sac :<\/h2>\t\t\t\t<\/div>\n\t\t\t\t<div class=\"elementor-element elementor-element-6c35525 elementor-widget elementor-widget-heading\" data-id=\"6c35525\" data-element_type=\"widget\" data-e-type=\"widget\" data-widget_type=\"heading.default\">\n\t\t\t\t\t<p class=\"elementor-heading-title elementor-size-default\">5 \u00e0 50 kg (11 \u00e0 110 lb)<\/p>\t\t\t\t<\/div>\n\t\t\t\t<\/div>\n\t\t<div class=\"elementor-element elementor-element-7ed56b9 e-con-full e-flex e-con e-child\" data-id=\"7ed56b9\" data-element_type=\"container\" data-e-type=\"container\">\n\t\t\t\t<div class=\"elementor-element elementor-element-05f5434 elementor-widget elementor-widget-heading\" data-id=\"05f5434\" data-element_type=\"widget\" data-e-type=\"widget\" data-widget_type=\"heading.default\">\n\t\t\t\t\t<h2 class=\"elementor-heading-title elementor-size-default\">Mat\u00e9riaux pour sacs<\/h2>\t\t\t\t<\/div>\n\t\t\t\t<div class=\"elementor-element elementor-element-915775d elementor-widget elementor-widget-heading\" data-id=\"915775d\" data-element_type=\"widget\" data-e-type=\"widget\" data-widget_type=\"heading.default\">\n\t\t\t\t\t<p class=\"elementor-heading-title elementor-size-default\">papier, PE et PP tiss\u00e9 lamin\u00e9<\/p>\t\t\t\t<\/div>\n\t\t\t\t<\/div>\n\t\t\t\t<\/div>\n\t\t<div class=\"elementor-element elementor-element-76e2594 e-con-full e-flex e-con e-parent\" data-id=\"76e2594\" data-element_type=\"container\" data-e-type=\"container\">\n\t\t\t\t<div class=\"elementor-element elementor-element-687d283 elementor-widget elementor-widget-heading\" data-id=\"687d283\" data-element_type=\"widget\" data-e-type=\"widget\" data-widget_type=\"heading.default\">\n\t\t\t\t\t<p class=\"elementor-heading-title elementor-size-default\"><a href=\"https:\/\/ceylanport.com\/fr\/granulation-equipment\/\">Retour aux produits<\/a><\/p>\t\t\t\t<\/div>\n\t\t\t\t<\/div>\n\t\t\t\t<\/div>","protected":false},"excerpt":{"rendered":"<p>Home Packing Machine &#8211; Engineered for Accurate, Dust-Free, 24\/7 Bagging Our belt-fed bagging machines are highly reliable, using a conveyor infeed to deliver material to the filling spout. All stainless steel, so that you can handle abrasive materials such as fertilizer without worrying about component wear. Secures fertilizer, mineral or chemical products into bags with [&hellip;]<\/p>\n","protected":false},"author":1,"featured_media":0,"parent":2071,"menu_order":0,"comment_status":"closed","ping_status":"closed","template":"","meta":{"footnotes":""},"class_list":["post-9183","page","type-page","status-publish","hentry"],"_links":{"self":[{"href":"https:\/\/ceylanport.com\/fr\/wp-json\/wp\/v2\/pages\/9183","targetHints":{"allow":["GET"]}}],"collection":[{"href":"https:\/\/ceylanport.com\/fr\/wp-json\/wp\/v2\/pages"}],"about":[{"href":"https:\/\/ceylanport.com\/fr\/wp-json\/wp\/v2\/types\/page"}],"author":[{"embeddable":true,"href":"https:\/\/ceylanport.com\/fr\/wp-json\/wp\/v2\/users\/1"}],"replies":[{"embeddable":true,"href":"https:\/\/ceylanport.com\/fr\/wp-json\/wp\/v2\/comments?post=9183"}],"version-history":[{"count":223,"href":"https:\/\/ceylanport.com\/fr\/wp-json\/wp\/v2\/pages\/9183\/revisions"}],"predecessor-version":[{"id":10463,"href":"https:\/\/ceylanport.com\/fr\/wp-json\/wp\/v2\/pages\/9183\/revisions\/10463"}],"up":[{"embeddable":true,"href":"https:\/\/ceylanport.com\/fr\/wp-json\/wp\/v2\/pages\/2071"}],"wp:attachment":[{"href":"https:\/\/ceylanport.com\/fr\/wp-json\/wp\/v2\/media?parent=9183"}],"curies":[{"name":"wp","href":"https:\/\/api.w.org\/{rel}","templated":true}]}}