{"id":9073,"date":"2025-10-21T14:24:00","date_gmt":"2025-10-21T14:24:00","guid":{"rendered":"https:\/\/ceylanport.com\/?page_id=9073"},"modified":"2025-10-22T12:46:04","modified_gmt":"2025-10-22T12:46:04","slug":"elevator","status":"publish","type":"page","link":"https:\/\/ceylanport.com\/de\/granulation-equipment\/elevator\/","title":{"rendered":"Aufzug"},"content":{"rendered":"<div data-elementor-type=\"wp-page\" data-elementor-id=\"9073\" class=\"elementor elementor-9073\" data-elementor-post-type=\"page\">\n\t\t\t\t<div class=\"elementor-element elementor-element-91e49de e-con-full e-flex e-con e-parent\" data-id=\"91e49de\" data-element_type=\"container\" data-e-type=\"container\">\n\t\t\t\t<div class=\"elementor-element elementor-element-5498bc7 elementor-widget-mobile__width-initial elementor-widget elementor-widget-heading\" data-id=\"5498bc7\" data-element_type=\"widget\" data-e-type=\"widget\" data-widget_type=\"heading.default\">\n\t\t\t\t\t<h1 class=\"elementor-heading-title elementor-size-default\">AUFZUG<\/h1>\t\t\t\t<\/div>\n\t\t\t\t<div class=\"elementor-element elementor-element-c043778 elementor-widget__width-initial elementor-widget elementor-widget-heading\" data-id=\"c043778\" data-element_type=\"widget\" data-e-type=\"widget\" data-widget_type=\"heading.default\">\n\t\t\t\t\t<p class=\"elementor-heading-title elementor-size-default\">Unser industrieller Becherwerk ist ein robustes vertikales F\u00f6rdersystem, das k\u00f6rnige oder pulverf\u00f6rmige Sch\u00fcttg\u00fcter \u2013 wie D\u00fcngemittel, Mineralien oder Chemikalien \u2013 mithilfe verschlei\u00dffester Becher auf einem Gurt oder einer Kette innerhalb eines staubdichten Geh\u00e4uses nach oben bef\u00f6rdert; eine geregelte F\u00f6rdergeschwindigkeit sowie eine speziell konstruierte Ein- und Auslassgeometrie gew\u00e4hrleisten dabei eine schonende Materialbehandlung, minimale Materialverluste und eine saubere, zuverl\u00e4ssige \u00dcbergabe an den nachfolgenden Prozessschritt.<\/p>\t\t\t\t<\/div>\n\t\t<div class=\"elementor-element elementor-element-4b18f7e e-con-full e-flex e-con e-child\" data-id=\"4b18f7e\" data-element_type=\"container\" data-e-type=\"container\">\n\t\t\t\t<div class=\"elementor-element elementor-element-65cc2f4 elementor-widget__width-initial elementor-widget-mobile__width-inherit elementor-widget elementor-widget-ucaddon_360_product_view\" data-id=\"65cc2f4\" data-element_type=\"widget\" data-e-type=\"widget\" data-widget_type=\"ucaddon_360_product_view.default\">\n\t\t\t\t<div class=\"elementor-widget-container\">\n\t\t\t\t\t\n<!-- start 360\u00b0 Product Viewer -->\n<style>\/* widget: 360\u00b0 Product Viewer *\/\n\n#uc_360_product_view_elementor_65cc2f4{\n  min-height:1px;\n}\n#uc_360_product_view_elementor_65cc2f4 .cloudimage-360-icons-container{\n  gap:10px;\n  z-index:5;\n}\n\n.cloudimage-360-fullscreen-modal{\n  z-index: 999999;\n}\n.cloudimage-360-fullscreen-modal canvas{\n  background-color:;\n}\n\n\n\n<\/style>\n\n<div id=\"uc_360_product_view_elementor_65cc2f4\">\n<div\n   id=\"uc_360_product_view_elementor_65cc2f4_360\"\n   class=\"cloudimage-360 ax_360_product_view\"\n   data-folder=\"https:\/\/ceylanport.com\/wp-content\/uploads\/2025\/10\/\"\n   data-filename=\"Elevator-{index}.webp\"\n   data-amount=\"18\"\n      data-autoplay=\"false\"\n   data-autoplay-reverse=\"false\"\n   data-speed=\"70\"\n   data-drag-speed=\"2\"\n   data-spin-reverse=\"false\"\n   data-stop-at-edges=\"false\"\n   data-bottom-circle=\"true\"\n   data-control-reverse=\"true\"\n   data-index-zero-base = \"0\"\n   data-magnifier=\"2\"   data-play-once = \"false\"\n     \n   \n   \n         >\n   <\/div>\n<\/div>\n<!-- end 360\u00b0 Product Viewer -->\t\t\t\t<\/div>\n\t\t\t\t<\/div>\n\t\t\t\t<\/div>\n\t\t\t\t<\/div>\n\t\t\t\t<\/div>","protected":false},"excerpt":{"rendered":"<p>ELEVATOR Our industrial bucket elevator is a heavy-duty vertical conveyor that lifts granular or powdered bulk solids\u2014fertilizer, minerals or chemicals\u2014using wear-resistant buckets on a belt or chain inside a dust-tight casing; controlled speed and engineered inlet\/outlet geometry ensure gentle handling, minimal spillage, and clean, reliable transfer to the next process.<\/p>","protected":false},"author":1,"featured_media":0,"parent":2071,"menu_order":0,"comment_status":"closed","ping_status":"closed","template":"","meta":{"footnotes":""},"class_list":["post-9073","page","type-page","status-publish","hentry"],"_links":{"self":[{"href":"https:\/\/ceylanport.com\/de\/wp-json\/wp\/v2\/pages\/9073","targetHints":{"allow":["GET"]}}],"collection":[{"href":"https:\/\/ceylanport.com\/de\/wp-json\/wp\/v2\/pages"}],"about":[{"href":"https:\/\/ceylanport.com\/de\/wp-json\/wp\/v2\/types\/page"}],"author":[{"embeddable":true,"href":"https:\/\/ceylanport.com\/de\/wp-json\/wp\/v2\/users\/1"}],"replies":[{"embeddable":true,"href":"https:\/\/ceylanport.com\/de\/wp-json\/wp\/v2\/comments?post=9073"}],"version-history":[{"count":34,"href":"https:\/\/ceylanport.com\/de\/wp-json\/wp\/v2\/pages\/9073\/revisions"}],"predecessor-version":[{"id":9143,"href":"https:\/\/ceylanport.com\/de\/wp-json\/wp\/v2\/pages\/9073\/revisions\/9143"}],"up":[{"embeddable":true,"href":"https:\/\/ceylanport.com\/de\/wp-json\/wp\/v2\/pages\/2071"}],"wp:attachment":[{"href":"https:\/\/ceylanport.com\/de\/wp-json\/wp\/v2\/media?parent=9073"}],"curies":[{"name":"wp","href":"https:\/\/api.w.org\/{rel}","templated":true}]}}